{"id":454,"date":"2020-11-16T02:19:06","date_gmt":"2020-11-16T02:19:06","guid":{"rendered":"https:\/\/dev.ecodeco-design.com\/\/?post_type=product&#038;p=454"},"modified":"2025-02-26T11:26:47","modified_gmt":"2025-02-26T11:26:47","slug":"kleenex-box","status":"publish","type":"product","link":"https:\/\/ecodeco-design.com\/no\/product\/kleenex-box\/","title":{"rendered":"Kleenexboks rektangul\u00e6r"},"content":{"rendered":"<p><strong>Kode:<\/strong> BA009 ; BA008<br \/>\n<strong>Beskrivelse:<\/strong><br \/>\nKurv fra Bali med gode bruksegenskaper og vakker patina. Str\u00e5ene splittes f\u00f8r gjenstanden flettes for h\u00e5nd. Deretter blir kurven solt\u00f8rket og r\u00f8ykbehandlet.<br \/>\n<strong>Measurement:<\/strong><\/p>\n<li>BA009 &#8211; Liten : 24 (L) x 12 (B) x 7 (H) cm<\/li>\n<li>BA008 &#8211; Medium : 27 (L) x 14 (B) x 8 (H) cm <\/li>\n<p><\/p>","protected":false},"excerpt":{"rendered":"<p>Kode: BA009 ; BA008 Beskrivelse: Kurv fra Bali med gode bruksegenskaper og vakker patina. Str\u00e5ene splittes f\u00f8r gjenstanden flettes for h\u00e5nd. Deretter blir kurven solt\u00f8rket og r\u00f8ykbehandlet. Measurement: BA009 &#8211; Liten : 24 (L) x 12 (B) x 7 (H) cm BA008 &#8211; Medium : 27 (L) x 14 (B) x 8 (H) cm<\/p>\n","protected":false},"featured_media":2229,"template":"","meta":{"om_disable_all_campaigns":false,"_monsterinsights_skip_tracking":false,"_monsterinsights_sitenote_active":false,"_monsterinsights_sitenote_note":"","_monsterinsights_sitenote_category":0},"acf":[],"aioseo_notices":[],"_links":{"self":[{"href":"https:\/\/ecodeco-design.com\/no\/wp-json\/wp\/v2\/product\/454"}],"collection":[{"href":"https:\/\/ecodeco-design.com\/no\/wp-json\/wp\/v2\/product"}],"about":[{"href":"https:\/\/ecodeco-design.com\/no\/wp-json\/wp\/v2\/types\/product"}],"wp:featuredmedia":[{"embeddable":true,"href":"https:\/\/ecodeco-design.com\/no\/wp-json\/wp\/v2\/media\/2229"}],"wp:attachment":[{"href":"https:\/\/ecodeco-design.com\/no\/wp-json\/wp\/v2\/media?parent=454"}],"curies":[{"name":"wp","href":"https:\/\/api.w.org\/{rel}","templated":true}]}}