{"id":445,"date":"2020-11-16T02:12:53","date_gmt":"2020-11-16T02:12:53","guid":{"rendered":"https:\/\/dev.ecodeco-design.com\/\/?post_type=product&#038;p=445"},"modified":"2022-07-26T11:24:30","modified_gmt":"2022-07-26T11:24:30","slug":"desk-organizer","status":"publish","type":"product","link":"https:\/\/ecodeco-design.com\/no\/product\/desk-organizer\/","title":{"rendered":"Pultordner stor"},"content":{"rendered":"<p><strong>Kode:<\/strong> BA143<br \/>\n<strong>Beskrivelse:<\/strong><br \/>\nStor pultordner med tre rom. Kurv fra Bali med gode bruksegenskaper og vakker patina. Str\u00e5ene splittes f\u00f8r gjenstanden flettes for h\u00e5nd. Deretter blir kurven solt\u00f8rket og r\u00f8ykbehandlet.<br \/>\n<strong>M\u00e5l:<\/strong><br \/>\n31 (L) x 20 (B) x 20 (H) cm <\/p>","protected":false},"excerpt":{"rendered":"<p>Kode: BA143 Beskrivelse: Stor pultordner med tre rom. Kurv fra Bali med gode bruksegenskaper og vakker patina. Str\u00e5ene splittes f\u00f8r gjenstanden flettes for h\u00e5nd. Deretter blir kurven solt\u00f8rket og r\u00f8ykbehandlet. M\u00e5l: 31 (L) x 20 (B) x 20 (H) cm<\/p>\n","protected":false},"featured_media":446,"template":"","meta":{"om_disable_all_campaigns":false,"_monsterinsights_skip_tracking":false,"_monsterinsights_sitenote_active":false,"_monsterinsights_sitenote_note":"","_monsterinsights_sitenote_category":0},"acf":[],"aioseo_notices":[],"_links":{"self":[{"href":"https:\/\/ecodeco-design.com\/no\/wp-json\/wp\/v2\/product\/445"}],"collection":[{"href":"https:\/\/ecodeco-design.com\/no\/wp-json\/wp\/v2\/product"}],"about":[{"href":"https:\/\/ecodeco-design.com\/no\/wp-json\/wp\/v2\/types\/product"}],"wp:featuredmedia":[{"embeddable":true,"href":"https:\/\/ecodeco-design.com\/no\/wp-json\/wp\/v2\/media\/446"}],"wp:attachment":[{"href":"https:\/\/ecodeco-design.com\/no\/wp-json\/wp\/v2\/media?parent=445"}],"curies":[{"name":"wp","href":"https:\/\/api.w.org\/{rel}","templated":true}]}}