{"id":437,"date":"2020-11-16T01:56:39","date_gmt":"2020-11-16T01:56:39","guid":{"rendered":"https:\/\/dev.ecodeco-design.com\/\/?post_type=product&#038;p=437"},"modified":"2022-07-26T10:14:26","modified_gmt":"2022-07-26T10:14:26","slug":"box-open-square-with-inlaid-handles","status":"publish","type":"product","link":"https:\/\/ecodeco-design.com\/no\/product\/box-open-square-with-inlaid-handles\/","title":{"rendered":"Oppbevaringsboks kvadrat med innfelt h\u00e5ndtak"},"content":{"rendered":"<p><strong>Kode:<\/strong> BA225<br \/>\n<strong>Beskrivelse:<\/strong><br \/>\nKurv fra Bali med gode bruksegenskaper og vakker patina. Str\u00e5ene splittes f\u00f8r gjenstanden flettes for h\u00e5nd. Deretter blir kurven solt\u00f8rket og r\u00f8ykbehandlet.<br \/>\n<strong>M\u00e5l:<\/strong><br \/>\n22 (L) x 22 (B) x 13 (H) cm<\/p>","protected":false},"excerpt":{"rendered":"<p>Kode: BA225 Beskrivelse: Kurv fra Bali med gode bruksegenskaper og vakker patina. Str\u00e5ene splittes f\u00f8r gjenstanden flettes for h\u00e5nd. Deretter blir kurven solt\u00f8rket og r\u00f8ykbehandlet. M\u00e5l: 22 (L) x 22 (B) x 13 (H) cm<\/p>\n","protected":false},"featured_media":438,"template":"","meta":{"om_disable_all_campaigns":false,"_monsterinsights_skip_tracking":false,"_monsterinsights_sitenote_active":false,"_monsterinsights_sitenote_note":"","_monsterinsights_sitenote_category":0},"acf":[],"aioseo_notices":[],"_links":{"self":[{"href":"https:\/\/ecodeco-design.com\/no\/wp-json\/wp\/v2\/product\/437"}],"collection":[{"href":"https:\/\/ecodeco-design.com\/no\/wp-json\/wp\/v2\/product"}],"about":[{"href":"https:\/\/ecodeco-design.com\/no\/wp-json\/wp\/v2\/types\/product"}],"wp:featuredmedia":[{"embeddable":true,"href":"https:\/\/ecodeco-design.com\/no\/wp-json\/wp\/v2\/media\/438"}],"wp:attachment":[{"href":"https:\/\/ecodeco-design.com\/no\/wp-json\/wp\/v2\/media?parent=437"}],"curies":[{"name":"wp","href":"https:\/\/api.w.org\/{rel}","templated":true}]}}