{"id":2192,"date":"2023-08-24T13:52:36","date_gmt":"2023-08-24T13:52:36","guid":{"rendered":"https:\/\/ecodeco-design.com\/?post_type=product&#038;p=2192"},"modified":"2023-08-24T14:07:01","modified_gmt":"2023-08-24T14:07:01","slug":"storage-box-square-without-inlaid-handles","status":"publish","type":"product","link":"https:\/\/ecodeco-design.com\/no\/product\/storage-box-square-without-inlaid-handles\/","title":{"rendered":"Oppbevaringsboks kvadrat"},"content":{"rendered":"<p><strong>Kode:<\/strong> BB168<br \/>\n<strong>Beskrivelse:<\/strong><br \/>\nKurv fra Bali med gode bruksegenskaper og lekker svartlakkert farge. Str\u00e5ene splittes f\u00f8r gjenstanden flettes for h\u00e5nd. Deretter blir kurven solt\u00f8rket og r\u00f8ykbehandlet. Legges s\u00e5 i sort fargebad med h\u00f8y temperatur.<br \/>\n<strong>Measurement:<\/strong><br \/>\n22 (L) x 22 (B) x 13 (H) cm<\/p>","protected":false},"excerpt":{"rendered":"<p>Kode: BB168 Beskrivelse: Kurv fra Bali med gode bruksegenskaper og lekker svartlakkert farge. Str\u00e5ene splittes f\u00f8r gjenstanden flettes for h\u00e5nd. Deretter blir kurven solt\u00f8rket og r\u00f8ykbehandlet. Legges s\u00e5 i sort fargebad med h\u00f8y temperatur. Measurement: 22 (L) x 22 (B) x 13 (H) cm<\/p>\n","protected":false},"featured_media":2193,"template":"","meta":{"om_disable_all_campaigns":false,"_monsterinsights_skip_tracking":false,"_monsterinsights_sitenote_active":false,"_monsterinsights_sitenote_note":"","_monsterinsights_sitenote_category":0},"acf":[],"aioseo_notices":[],"_links":{"self":[{"href":"https:\/\/ecodeco-design.com\/no\/wp-json\/wp\/v2\/product\/2192"}],"collection":[{"href":"https:\/\/ecodeco-design.com\/no\/wp-json\/wp\/v2\/product"}],"about":[{"href":"https:\/\/ecodeco-design.com\/no\/wp-json\/wp\/v2\/types\/product"}],"wp:featuredmedia":[{"embeddable":true,"href":"https:\/\/ecodeco-design.com\/no\/wp-json\/wp\/v2\/media\/2193"}],"wp:attachment":[{"href":"https:\/\/ecodeco-design.com\/no\/wp-json\/wp\/v2\/media?parent=2192"}],"curies":[{"name":"wp","href":"https:\/\/api.w.org\/{rel}","templated":true}]}}