{"id":2150,"date":"2023-03-31T14:18:18","date_gmt":"2023-03-31T14:18:18","guid":{"rendered":"https:\/\/ecodeco-design.com\/?post_type=product&#038;p=2150"},"modified":"2023-04-19T03:53:30","modified_gmt":"2023-04-19T03:53:30","slug":"storage-box-set-xl","status":"publish","type":"product","link":"https:\/\/ecodeco-design.com\/no\/product\/storage-box-set-xl\/","title":{"rendered":"Oppbevaringsboks sett XL"},"content":{"rendered":"<p><strong>Code:<\/strong> LOM103<br \/>\n<strong>Beskrivelse:<\/strong><br \/>\nRektangul\u00e6re oppbevaringsbokser med innfelt h\u00e5ndtak, Sett med bokser i to st\u00f8rrelser. Lombok kurv flettet for h\u00e5nd med ata str\u00e5 og rattan. Natural farge og ferniss f\u00e5r str\u00e5enes naturlige farge til \u00e5 skinne gjennom p\u00e5 en vakker m\u00e5te. Gir gjenstanden varig holdbarhet og et vakkert eksklusivt preg.<\/p>\n<p>Sett av bokser i to st\u00f8rrelse &#8211; medium and stor:<br \/>\n<strong>Measurement:<\/strong> <\/p>\n<li>Medium &#8211; 32 (L) x 26 (B) x 17 (H) cm<\/li>\n<li>Stor &#8211; 38 (L) x 31 (B) x 22 (H) cm<\/li>\n<p><\/p>","protected":false},"excerpt":{"rendered":"<p>Code: LOM103 Beskrivelse: Rektangul\u00e6re oppbevaringsbokser med innfelt h\u00e5ndtak, Sett med bokser i to st\u00f8rrelser. Lombok kurv flettet for h\u00e5nd med ata str\u00e5 og rattan. Natural farge og ferniss f\u00e5r str\u00e5enes naturlige farge til \u00e5 skinne gjennom p\u00e5 en vakker m\u00e5te. Gir gjenstanden varig holdbarhet og et vakkert eksklusivt preg. Sett av bokser i to st\u00f8rrelse [&hellip;]<\/p>\n","protected":false},"featured_media":2169,"template":"","meta":{"om_disable_all_campaigns":false,"_monsterinsights_skip_tracking":false,"_monsterinsights_sitenote_active":false,"_monsterinsights_sitenote_note":"","_monsterinsights_sitenote_category":0},"acf":[],"aioseo_notices":[],"_links":{"self":[{"href":"https:\/\/ecodeco-design.com\/no\/wp-json\/wp\/v2\/product\/2150"}],"collection":[{"href":"https:\/\/ecodeco-design.com\/no\/wp-json\/wp\/v2\/product"}],"about":[{"href":"https:\/\/ecodeco-design.com\/no\/wp-json\/wp\/v2\/types\/product"}],"wp:featuredmedia":[{"embeddable":true,"href":"https:\/\/ecodeco-design.com\/no\/wp-json\/wp\/v2\/media\/2169"}],"wp:attachment":[{"href":"https:\/\/ecodeco-design.com\/no\/wp-json\/wp\/v2\/media?parent=2150"}],"curies":[{"name":"wp","href":"https:\/\/api.w.org\/{rel}","templated":true}]}}