{"id":1995,"date":"2022-09-07T11:29:05","date_gmt":"2022-09-07T11:29:05","guid":{"rendered":"https:\/\/dev.ecodeco-design.com\/?post_type=product&#038;p=1995"},"modified":"2025-02-28T15:14:20","modified_gmt":"2025-02-28T15:14:20","slug":"soya-bowl-2","status":"publish","type":"product","link":"https:\/\/ecodeco-design.com\/no\/product\/soya-bowl-2\/","title":{"rendered":"Teak soyask\u00e5ler"},"content":{"rendered":"<p><strong>Kode:<\/strong> SMU07 ; ANG001<br \/>\n<strong>Beskrivelse:<\/strong><br \/>\nTeak soya sk\u00e5ler i to st\u00f8rrelse. Fine til soyasaus, dip og tilbeh\u00f8r.<br \/>\n<strong>M\u00e5l:<\/strong><\/p>\n<li>SMU07 &#8211; Liten : 7 (dia) x 3 (H) cm\n<li>ANG001 &#8211; Medium :\u00a0 8 (dia) x 4 (H) cm<br \/>","protected":false},"excerpt":{"rendered":"<p>Kode: SMU07 ; ANG001 Beskrivelse: Teak soya sk\u00e5ler i to st\u00f8rrelse. Fine til soyasaus, dip og tilbeh\u00f8r. M\u00e5l: SMU07 &#8211; Liten : 7 (dia) x 3 (H) cm ANG001 &#8211; Medium :\u00a0 8 (dia) x 4 (H) cm<\/p>\n","protected":false},"featured_media":1999,"template":"","meta":{"om_disable_all_campaigns":false,"_monsterinsights_skip_tracking":false,"_monsterinsights_sitenote_active":false,"_monsterinsights_sitenote_note":"","_monsterinsights_sitenote_category":0},"acf":[],"aioseo_notices":[],"_links":{"self":[{"href":"https:\/\/ecodeco-design.com\/no\/wp-json\/wp\/v2\/product\/1995"}],"collection":[{"href":"https:\/\/ecodeco-design.com\/no\/wp-json\/wp\/v2\/product"}],"about":[{"href":"https:\/\/ecodeco-design.com\/no\/wp-json\/wp\/v2\/types\/product"}],"wp:featuredmedia":[{"embeddable":true,"href":"https:\/\/ecodeco-design.com\/no\/wp-json\/wp\/v2\/media\/1999"}],"wp:attachment":[{"href":"https:\/\/ecodeco-design.com\/no\/wp-json\/wp\/v2\/media?parent=1995"}],"curies":[{"name":"wp","href":"https:\/\/api.w.org\/{rel}","templated":true}]}}