{"id":1992,"date":"2022-09-07T09:52:04","date_gmt":"2022-09-07T09:52:04","guid":{"rendered":"https:\/\/dev.ecodeco-design.com\/?post_type=product&#038;p=1992"},"modified":"2022-09-11T21:39:09","modified_gmt":"2022-09-11T21:39:09","slug":"cutting-board","status":"publish","type":"product","link":"https:\/\/ecodeco-design.com\/no\/product\/cutting-board\/","title":{"rendered":"Teak skj\u00e6refjel"},"content":{"rendered":"<p><strong>Kode:<\/strong> DNN002 , DNN001<br \/>\n<strong>Beskrivelse:<\/strong><br \/>\n<span class=\"JLqJ4b ChMk0b\" data-language-for-alternatives=\"no\" data-language-to-translate-into=\"en\" data-phrase-index=\"0\" data-number-of-phrases=\"2\"><span class=\"Q4iAWc\">Utsk\u00e5ret skj\u00e6re- og serveringsbrett i teak.<\/span><\/span> <span class=\"JLqJ4b ChMk0b\" data-language-for-alternatives=\"no\" data-language-to-translate-into=\"en\" data-phrase-index=\"1\" data-number-of-phrases=\"2\"><span class=\"Q4iAWc\">Alle skj\u00e6rebrett har en unik form og er forskjellige fra hverandre.<\/span><\/span><br \/>\n<strong>M\u00e5l:<\/strong><br \/>\nLiten &#8211;\u00a0 30 (L) x 15 (B) x 2 (H) cm<br \/>\nMedium &#8211; 40 (L) x 15 (B) x 2 (H) cm<\/p>\n<p>&nbsp;<\/p>\n<p>&nbsp;<\/p>","protected":false},"excerpt":{"rendered":"<p>Kode: DNN002 , DNN001 Beskrivelse: Utsk\u00e5ret skj\u00e6re- og serveringsbrett i teak. Alle skj\u00e6rebrett har en unik form og er forskjellige fra hverandre. M\u00e5l: Liten &#8211;\u00a0 30 (L) x 15 (B) x 2 (H) cm Medium &#8211; 40 (L) x 15 (B) x 2 (H) cm &nbsp; &nbsp;<\/p>\n","protected":false},"featured_media":1993,"template":"","meta":{"om_disable_all_campaigns":false,"_monsterinsights_skip_tracking":false,"_monsterinsights_sitenote_active":false,"_monsterinsights_sitenote_note":"","_monsterinsights_sitenote_category":0},"acf":[],"aioseo_notices":[],"_links":{"self":[{"href":"https:\/\/ecodeco-design.com\/no\/wp-json\/wp\/v2\/product\/1992"}],"collection":[{"href":"https:\/\/ecodeco-design.com\/no\/wp-json\/wp\/v2\/product"}],"about":[{"href":"https:\/\/ecodeco-design.com\/no\/wp-json\/wp\/v2\/types\/product"}],"wp:featuredmedia":[{"embeddable":true,"href":"https:\/\/ecodeco-design.com\/no\/wp-json\/wp\/v2\/media\/1993"}],"wp:attachment":[{"href":"https:\/\/ecodeco-design.com\/no\/wp-json\/wp\/v2\/media?parent=1992"}],"curies":[{"name":"wp","href":"https:\/\/api.w.org\/{rel}","templated":true}]}}