{"id":1925,"date":"2022-08-26T15:11:06","date_gmt":"2022-08-26T15:11:06","guid":{"rendered":"https:\/\/dev.ecodeco-design.com\/?post_type=product&#038;p=1925"},"modified":"2022-09-06T02:57:09","modified_gmt":"2022-09-06T02:57:09","slug":"saolin","status":"publish","type":"product","link":"https:\/\/ecodeco-design.com\/no\/product\/saolin\/","title":{"rendered":"Buddhistisk munk skulptur &#8211; i b\u00f8nn"},"content":{"rendered":"<p><strong>Kode: <\/strong>PRM013<br \/>\n<strong>Beskrivelse:<\/strong><br \/>\nSkulptur av buddhistisk munk i\u00a0 b\u00f8nn. St\u00f8pt av m\u00f8rk gr\u00e5 lavastein.<br \/>\n<strong>M\u00e5l:<\/strong><br \/>\n12 (L) x 10 (B) x 16 (H) cm<\/p>","protected":false},"excerpt":{"rendered":"<p>Kode: PRM013 Beskrivelse: Skulptur av buddhistisk munk i\u00a0 b\u00f8nn. St\u00f8pt av m\u00f8rk gr\u00e5 lavastein. M\u00e5l: 12 (L) x 10 (B) x 16 (H) cm<\/p>\n","protected":false},"featured_media":1926,"template":"","meta":{"om_disable_all_campaigns":false,"_monsterinsights_skip_tracking":false,"_monsterinsights_sitenote_active":false,"_monsterinsights_sitenote_note":"","_monsterinsights_sitenote_category":0},"acf":[],"aioseo_notices":[],"_links":{"self":[{"href":"https:\/\/ecodeco-design.com\/no\/wp-json\/wp\/v2\/product\/1925"}],"collection":[{"href":"https:\/\/ecodeco-design.com\/no\/wp-json\/wp\/v2\/product"}],"about":[{"href":"https:\/\/ecodeco-design.com\/no\/wp-json\/wp\/v2\/types\/product"}],"wp:featuredmedia":[{"embeddable":true,"href":"https:\/\/ecodeco-design.com\/no\/wp-json\/wp\/v2\/media\/1926"}],"wp:attachment":[{"href":"https:\/\/ecodeco-design.com\/no\/wp-json\/wp\/v2\/media?parent=1925"}],"curies":[{"name":"wp","href":"https:\/\/api.w.org\/{rel}","templated":true}]}}