{"id":1810,"date":"2022-08-08T13:58:32","date_gmt":"2022-08-08T13:58:32","guid":{"rendered":"https:\/\/dev.ecodeco-design.com\/?post_type=product&#038;p=1810"},"modified":"2025-02-27T14:55:03","modified_gmt":"2025-02-27T14:55:03","slug":"jewelry-bowl","status":"publish","type":"product","link":"https:\/\/ecodeco-design.com\/no\/product\/jewelry-bowl\/","title":{"rendered":"Marmor sk\u00e5l medium"},"content":{"rendered":"<p><strong>Kode:<\/strong> MRB028 ; MRB029<br \/>\n<strong>Beskrivelse:<\/strong><br \/>\nMarmor sk\u00e5l til \u00e5 legge smykker &#8211; eller hva det m\u00e5tte v\u00e6re. F\u00e5s i gr\u00e5 eller krem farge. Alle marmor produkter er unike i farge og m\u00f8nster. Benytt kun rengj\u00f8ringsmidler beregnet for marmor.<br \/>\n<strong>M\u00e5l:<\/strong> <\/p>\n<li>MRB028 &#8211; Cream : 12 (dia) x 3 (H) cm<\/li>\n<li>MRB029 &#8211; Grey  : 12 (dia) x 3 (H)cm<\/li>\n<p><\/p>","protected":false},"excerpt":{"rendered":"<p>Kode: MRB028 ; MRB029 Beskrivelse: Marmor sk\u00e5l til \u00e5 legge smykker &#8211; eller hva det m\u00e5tte v\u00e6re. F\u00e5s i gr\u00e5 eller krem farge. Alle marmor produkter er unike i farge og m\u00f8nster. Benytt kun rengj\u00f8ringsmidler beregnet for marmor. M\u00e5l: MRB028 &#8211; Cream : 12 (dia) x 3 (H) cm MRB029 &#8211; Grey : 12 (dia) [&hellip;]<\/p>\n","protected":false},"featured_media":1829,"template":"","meta":{"om_disable_all_campaigns":false,"_monsterinsights_skip_tracking":false,"_monsterinsights_sitenote_active":false,"_monsterinsights_sitenote_note":"","_monsterinsights_sitenote_category":0},"acf":[],"aioseo_notices":[],"_links":{"self":[{"href":"https:\/\/ecodeco-design.com\/no\/wp-json\/wp\/v2\/product\/1810"}],"collection":[{"href":"https:\/\/ecodeco-design.com\/no\/wp-json\/wp\/v2\/product"}],"about":[{"href":"https:\/\/ecodeco-design.com\/no\/wp-json\/wp\/v2\/types\/product"}],"wp:featuredmedia":[{"embeddable":true,"href":"https:\/\/ecodeco-design.com\/no\/wp-json\/wp\/v2\/media\/1829"}],"wp:attachment":[{"href":"https:\/\/ecodeco-design.com\/no\/wp-json\/wp\/v2\/media?parent=1810"}],"curies":[{"name":"wp","href":"https:\/\/api.w.org\/{rel}","templated":true}]}}