{"id":1791,"date":"2022-08-07T13:09:38","date_gmt":"2022-08-07T13:09:38","guid":{"rendered":"https:\/\/dev.ecodeco-design.com\/?post_type=product&#038;p=1791"},"modified":"2025-02-27T15:02:37","modified_gmt":"2025-02-27T15:02:37","slug":"square-holder-2","status":"publish","type":"product","link":"https:\/\/ecodeco-design.com\/no\/product\/square-holder-2\/","title":{"rendered":"Marmor kvadroholder"},"content":{"rendered":"<p><strong>Kode:<\/strong> RNB018 ; RNB019<br \/>\n<strong>Beskrivelse:<\/strong><br \/>\nMarmor kvadroholder \u2013 som tannglass, for bestikk eller som penneholder. F\u00e5s i gr\u00e5 eller krem farge. Alle marmor produkter er unike i farge og m\u00f8nster. Benytt kun rengj\u00f8ringsmidler beregnet for marmor.<br \/>\n<strong>M\u00e5l: <\/strong><\/p>\n<li>RNB018 &#8211; Grey  : 8 (L) x 8 (B) x 12 (H) cm<\/li>\n<li>RNB019 &#8211; Cream  : 8 (L) x 8 (B) x 12 (H) cm<\/li>\n<p><\/p>","protected":false},"excerpt":{"rendered":"<p>Kode: RNB018 ; RNB019 Beskrivelse: Marmor kvadroholder \u2013 som tannglass, for bestikk eller som penneholder. F\u00e5s i gr\u00e5 eller krem farge. Alle marmor produkter er unike i farge og m\u00f8nster. Benytt kun rengj\u00f8ringsmidler beregnet for marmor. M\u00e5l: RNB018 &#8211; Grey : 8 (L) x 8 (B) x 12 (H) cm RNB019 &#8211; Cream : 8 [&hellip;]<\/p>\n","protected":false},"featured_media":1873,"template":"","meta":{"om_disable_all_campaigns":false,"_monsterinsights_skip_tracking":false,"_monsterinsights_sitenote_active":false,"_monsterinsights_sitenote_note":"","_monsterinsights_sitenote_category":0},"acf":[],"aioseo_notices":[],"_links":{"self":[{"href":"https:\/\/ecodeco-design.com\/no\/wp-json\/wp\/v2\/product\/1791"}],"collection":[{"href":"https:\/\/ecodeco-design.com\/no\/wp-json\/wp\/v2\/product"}],"about":[{"href":"https:\/\/ecodeco-design.com\/no\/wp-json\/wp\/v2\/types\/product"}],"wp:featuredmedia":[{"embeddable":true,"href":"https:\/\/ecodeco-design.com\/no\/wp-json\/wp\/v2\/media\/1873"}],"wp:attachment":[{"href":"https:\/\/ecodeco-design.com\/no\/wp-json\/wp\/v2\/media?parent=1791"}],"curies":[{"name":"wp","href":"https:\/\/api.w.org\/{rel}","templated":true}]}}