{"id":1727,"date":"2022-07-27T10:51:26","date_gmt":"2022-07-27T10:51:26","guid":{"rendered":"https:\/\/dev.ecodeco-design.com\/?post_type=product&#038;p=1727"},"modified":"2022-08-02T10:21:05","modified_gmt":"2022-08-02T10:21:05","slug":"square-box-4","status":"publish","type":"product","link":"https:\/\/ecodeco-design.com\/no\/product\/square-box-4\/","title":{"rendered":"Oppbevaringsboks kvadrat"},"content":{"rendered":"<p><strong>Kode:<\/strong> LOM083<br \/>\n<strong>Beskrivelse:<\/strong><br \/>\nKvadratisk oppbevaringsboks med rette hj\u00f8rner. Lombok kurv flettet for h\u00e5nd med ata str\u00e5 og rattan. Hvit fargevask og ferniss f\u00e5r str\u00e5enes naturlige farge til \u00e5 skinne gjennom p\u00e5 en vakker m\u00e5te. Gir gjenstanden varig holdbarhet og et vakkert eksklusivt preg.<br \/>\n<strong>M\u00e5l:<\/strong><br \/>\n23 (L) x 23 (B) x 10 (H) cm<\/p>","protected":false},"excerpt":{"rendered":"<p>Kode: LOM083 Beskrivelse: Kvadratisk oppbevaringsboks med rette hj\u00f8rner. Lombok kurv flettet for h\u00e5nd med ata str\u00e5 og rattan. Hvit fargevask og ferniss f\u00e5r str\u00e5enes naturlige farge til \u00e5 skinne gjennom p\u00e5 en vakker m\u00e5te. Gir gjenstanden varig holdbarhet og et vakkert eksklusivt preg. M\u00e5l: 23 (L) x 23 (B) x 10 (H) cm<\/p>\n","protected":false},"featured_media":1729,"template":"","meta":{"om_disable_all_campaigns":false,"_monsterinsights_skip_tracking":false,"_monsterinsights_sitenote_active":false,"_monsterinsights_sitenote_note":"","_monsterinsights_sitenote_category":0},"acf":[],"aioseo_notices":[],"_links":{"self":[{"href":"https:\/\/ecodeco-design.com\/no\/wp-json\/wp\/v2\/product\/1727"}],"collection":[{"href":"https:\/\/ecodeco-design.com\/no\/wp-json\/wp\/v2\/product"}],"about":[{"href":"https:\/\/ecodeco-design.com\/no\/wp-json\/wp\/v2\/types\/product"}],"wp:featuredmedia":[{"embeddable":true,"href":"https:\/\/ecodeco-design.com\/no\/wp-json\/wp\/v2\/media\/1729"}],"wp:attachment":[{"href":"https:\/\/ecodeco-design.com\/no\/wp-json\/wp\/v2\/media?parent=1727"}],"curies":[{"name":"wp","href":"https:\/\/api.w.org\/{rel}","templated":true}]}}