{"id":1725,"date":"2022-07-27T10:35:46","date_gmt":"2022-07-27T10:35:46","guid":{"rendered":"https:\/\/dev.ecodeco-design.com\/?post_type=product&#038;p=1725"},"modified":"2022-07-30T17:10:20","modified_gmt":"2022-07-30T17:10:20","slug":"rectangular-box-2","status":"publish","type":"product","link":"https:\/\/ecodeco-design.com\/no\/product\/rectangular-box-2\/","title":{"rendered":"Oppbevaringsboks rektangul\u00e6r"},"content":{"rendered":"<p><strong>Kode:<\/strong> LOM084<br \/>\n<strong>Beskrivelse:<\/strong><br \/>\nRektangul\u00e6r oppbevaringsboks med rette hj\u00f8rner. Lombok kurv flettet for h\u00e5nd med ata str\u00e5 og rattan. Hvit fargevask og ferniss f\u00e5r str\u00e5enes naturlige farge til \u00e5 skinne gjennom p\u00e5 en vakker m\u00e5te. Gir gjenstanden varig holdbarhet og et vakkert eksklusivt preg.<br \/>\n<strong>M\u00e5l:<\/strong><br \/>\n35 (L) x 24 (B) x 10 (H) cm<\/p>","protected":false},"excerpt":{"rendered":"<p>Kode: LOM084 Beskrivelse: Rektangul\u00e6r oppbevaringsboks med rette hj\u00f8rner. Lombok kurv flettet for h\u00e5nd med ata str\u00e5 og rattan. Hvit fargevask og ferniss f\u00e5r str\u00e5enes naturlige farge til \u00e5 skinne gjennom p\u00e5 en vakker m\u00e5te. Gir gjenstanden varig holdbarhet og et vakkert eksklusivt preg. M\u00e5l: 35 (L) x 24 (B) x 10 (H) cm<\/p>\n","protected":false},"featured_media":1726,"template":"","meta":{"om_disable_all_campaigns":false,"_monsterinsights_skip_tracking":false,"_monsterinsights_sitenote_active":false,"_monsterinsights_sitenote_note":"","_monsterinsights_sitenote_category":0},"acf":[],"aioseo_notices":[],"_links":{"self":[{"href":"https:\/\/ecodeco-design.com\/no\/wp-json\/wp\/v2\/product\/1725"}],"collection":[{"href":"https:\/\/ecodeco-design.com\/no\/wp-json\/wp\/v2\/product"}],"about":[{"href":"https:\/\/ecodeco-design.com\/no\/wp-json\/wp\/v2\/types\/product"}],"wp:featuredmedia":[{"embeddable":true,"href":"https:\/\/ecodeco-design.com\/no\/wp-json\/wp\/v2\/media\/1726"}],"wp:attachment":[{"href":"https:\/\/ecodeco-design.com\/no\/wp-json\/wp\/v2\/media?parent=1725"}],"curies":[{"name":"wp","href":"https:\/\/api.w.org\/{rel}","templated":true}]}}