{"id":1697,"date":"2022-07-25T11:09:20","date_gmt":"2022-07-25T11:09:20","guid":{"rendered":"https:\/\/dev.ecodeco-design.com\/?post_type=product&#038;p=1697"},"modified":"2022-07-27T11:02:54","modified_gmt":"2022-07-27T11:02:54","slug":"waste-basket-cylinder-with-lid","status":"publish","type":"product","link":"https:\/\/ecodeco-design.com\/no\/product\/waste-basket-cylinder-with-lid\/","title":{"rendered":"Papirkurv sylinder med lokk"},"content":{"rendered":"<p><strong>Kode:<\/strong> BB145<br \/>\n<strong>Beskrivelse:<\/strong><br \/>\nKurv fra Bali med gode bruksegenskaper og lekker svartlakkert farge. Str\u00e5ene splittes f\u00f8r gjenstanden flettes for h\u00e5nd. Deretter blir kurven solt\u00f8rket og r\u00f8ykbehandlet. Legges s\u00e5 i sort fargebad med h\u00f8y temperatur.<br \/>\n<strong>M\u00e5l:<\/strong><br \/>\n24 (dia) x 30 (H) cm<\/p>","protected":false},"excerpt":{"rendered":"<p>Kode: BB145 Beskrivelse: Kurv fra Bali med gode bruksegenskaper og lekker svartlakkert farge. Str\u00e5ene splittes f\u00f8r gjenstanden flettes for h\u00e5nd. Deretter blir kurven solt\u00f8rket og r\u00f8ykbehandlet. Legges s\u00e5 i sort fargebad med h\u00f8y temperatur. M\u00e5l: 24 (dia) x 30 (H) cm<\/p>\n","protected":false},"featured_media":1698,"template":"","meta":{"om_disable_all_campaigns":false,"_monsterinsights_skip_tracking":false,"_monsterinsights_sitenote_active":false,"_monsterinsights_sitenote_note":"","_monsterinsights_sitenote_category":0},"acf":[],"aioseo_notices":[],"_links":{"self":[{"href":"https:\/\/ecodeco-design.com\/no\/wp-json\/wp\/v2\/product\/1697"}],"collection":[{"href":"https:\/\/ecodeco-design.com\/no\/wp-json\/wp\/v2\/product"}],"about":[{"href":"https:\/\/ecodeco-design.com\/no\/wp-json\/wp\/v2\/types\/product"}],"wp:featuredmedia":[{"embeddable":true,"href":"https:\/\/ecodeco-design.com\/no\/wp-json\/wp\/v2\/media\/1698"}],"wp:attachment":[{"href":"https:\/\/ecodeco-design.com\/no\/wp-json\/wp\/v2\/media?parent=1697"}],"curies":[{"name":"wp","href":"https:\/\/api.w.org\/{rel}","templated":true}]}}