{"id":1690,"date":"2022-07-24T12:16:57","date_gmt":"2022-07-24T12:16:57","guid":{"rendered":"https:\/\/dev.ecodeco-design.com\/?post_type=product&#038;p=1690"},"modified":"2022-07-25T15:40:37","modified_gmt":"2022-07-25T15:40:37","slug":"storage-box-round-with-lid","status":"publish","type":"product","link":"https:\/\/ecodeco-design.com\/no\/product\/storage-box-round-with-lid\/","title":{"rendered":"Boks med lokk rund \/ h\u00f8y"},"content":{"rendered":"<p>strong>Kode:<\/strong> BA006<br \/>\n<strong>Description:<\/strong><br \/>\nH\u00f8y rund boks med lokk og hempe. Kurv fra Bali med gode bruksegenskaper og vakker patina. Str\u00e5ene splittes f\u00f8r gjenstanden flettes for h\u00e5nd. Deretter blir kurven solt\u00f8rket og r\u00f8ykbehandlet.<br \/>\n<strong>M\u00e5l:<\/strong><br \/>\nDia 12 x 12 (H) cm<\/p>","protected":false},"excerpt":{"rendered":"<p>strong>Kode: BA006 Description: H\u00f8y rund boks med lokk og hempe. Kurv fra Bali med gode bruksegenskaper og vakker patina. Str\u00e5ene splittes f\u00f8r gjenstanden flettes for h\u00e5nd. Deretter blir kurven solt\u00f8rket og r\u00f8ykbehandlet. M\u00e5l: Dia 12 x 12 (H) cm<\/p>\n","protected":false},"featured_media":1691,"template":"","meta":{"om_disable_all_campaigns":false,"_monsterinsights_skip_tracking":false,"_monsterinsights_sitenote_active":false,"_monsterinsights_sitenote_note":"","_monsterinsights_sitenote_category":0},"acf":[],"aioseo_notices":[],"_links":{"self":[{"href":"https:\/\/ecodeco-design.com\/no\/wp-json\/wp\/v2\/product\/1690"}],"collection":[{"href":"https:\/\/ecodeco-design.com\/no\/wp-json\/wp\/v2\/product"}],"about":[{"href":"https:\/\/ecodeco-design.com\/no\/wp-json\/wp\/v2\/types\/product"}],"wp:featuredmedia":[{"embeddable":true,"href":"https:\/\/ecodeco-design.com\/no\/wp-json\/wp\/v2\/media\/1691"}],"wp:attachment":[{"href":"https:\/\/ecodeco-design.com\/no\/wp-json\/wp\/v2\/media?parent=1690"}],"curies":[{"name":"wp","href":"https:\/\/api.w.org\/{rel}","templated":true}]}}