{"id":1621,"date":"2022-06-29T10:27:26","date_gmt":"2022-06-29T10:27:26","guid":{"rendered":"https:\/\/dev.ecodeco-design.com\/?post_type=product&#038;p=1621"},"modified":"2022-09-11T21:07:27","modified_gmt":"2022-09-11T21:07:27","slug":"norwegian-soya-bowl-coconut","status":"publish","type":"product","link":"https:\/\/ecodeco-design.com\/no\/product\/norwegian-soya-bowl-coconut\/","title":{"rendered":"Kokostre soyask\u00e5l naturfarge liten"},"content":{"rendered":"<p><strong>Kode: <\/strong>UN003<br \/>\n<strong>Beskrivelse:<\/strong><br \/>\nLiten soyask\u00e5l laget av naturfarget brunt tre fra kokosn\u00f8ttpalme.<br \/>\n<strong>M\u00e5l: <\/strong><br \/>\n6,5 (dia) x 3 (H) cm<\/p>","protected":false},"excerpt":{"rendered":"<p>Kode: UN003 Beskrivelse: Liten soyask\u00e5l laget av naturfarget brunt tre fra kokosn\u00f8ttpalme. M\u00e5l: 6,5 (dia) x 3 (H) cm<\/p>\n","protected":false},"featured_media":1622,"template":"","meta":{"om_disable_all_campaigns":false,"_monsterinsights_skip_tracking":false,"_monsterinsights_sitenote_active":false,"_monsterinsights_sitenote_note":"","_monsterinsights_sitenote_category":0},"acf":[],"aioseo_notices":[],"_links":{"self":[{"href":"https:\/\/ecodeco-design.com\/no\/wp-json\/wp\/v2\/product\/1621"}],"collection":[{"href":"https:\/\/ecodeco-design.com\/no\/wp-json\/wp\/v2\/product"}],"about":[{"href":"https:\/\/ecodeco-design.com\/no\/wp-json\/wp\/v2\/types\/product"}],"wp:featuredmedia":[{"embeddable":true,"href":"https:\/\/ecodeco-design.com\/no\/wp-json\/wp\/v2\/media\/1622"}],"wp:attachment":[{"href":"https:\/\/ecodeco-design.com\/no\/wp-json\/wp\/v2\/media?parent=1621"}],"curies":[{"name":"wp","href":"https:\/\/api.w.org\/{rel}","templated":true}]}}