{"id":1619,"date":"2022-06-29T09:54:02","date_gmt":"2022-06-29T09:54:02","guid":{"rendered":"https:\/\/dev.ecodeco-design.com\/?post_type=product&#038;p=1619"},"modified":"2022-09-11T21:29:17","modified_gmt":"2022-09-11T21:29:17","slug":"soya-bowl-s","status":"publish","type":"product","link":"https:\/\/ecodeco-design.com\/no\/product\/soya-bowl-s\/","title":{"rendered":"Kokostre soyask\u00e5l m\u00f8rk brun liten"},"content":{"rendered":"<p><strong>Kode: <\/strong>SAT007<br \/>\n<strong>Beskrivelse:<\/strong><br \/>\nLiten soyask\u00e5l laget av m\u00f8rk brunt tre fra kokosn\u00f8ttpalme.<br \/>\n<strong>M\u00e5l: <\/strong><br \/>\n6,5 (dia) x 3 (H) cm<\/p>","protected":false},"excerpt":{"rendered":"<p>Kode: SAT007 Beskrivelse: Liten soyask\u00e5l laget av m\u00f8rk brunt tre fra kokosn\u00f8ttpalme. M\u00e5l: 6,5 (dia) x 3 (H) cm<\/p>\n","protected":false},"featured_media":1620,"template":"","meta":{"om_disable_all_campaigns":false,"_monsterinsights_skip_tracking":false,"_monsterinsights_sitenote_active":false,"_monsterinsights_sitenote_note":"","_monsterinsights_sitenote_category":0},"acf":[],"aioseo_notices":[],"_links":{"self":[{"href":"https:\/\/ecodeco-design.com\/no\/wp-json\/wp\/v2\/product\/1619"}],"collection":[{"href":"https:\/\/ecodeco-design.com\/no\/wp-json\/wp\/v2\/product"}],"about":[{"href":"https:\/\/ecodeco-design.com\/no\/wp-json\/wp\/v2\/types\/product"}],"wp:featuredmedia":[{"embeddable":true,"href":"https:\/\/ecodeco-design.com\/no\/wp-json\/wp\/v2\/media\/1620"}],"wp:attachment":[{"href":"https:\/\/ecodeco-design.com\/no\/wp-json\/wp\/v2\/media?parent=1619"}],"curies":[{"name":"wp","href":"https:\/\/api.w.org\/{rel}","templated":true}]}}