{"id":1616,"date":"2022-06-29T09:16:49","date_gmt":"2022-06-29T09:16:49","guid":{"rendered":"https:\/\/dev.ecodeco-design.com\/?post_type=product&#038;p=1616"},"modified":"2022-09-11T21:17:58","modified_gmt":"2022-09-11T21:17:58","slug":"juice-spoon","status":"publish","type":"product","link":"https:\/\/ecodeco-design.com\/no\/product\/juice-spoon\/","title":{"rendered":"Kokostre latteskje m\u00f8rk brun"},"content":{"rendered":"<p><strong>Kode: <\/strong>SAT018<br \/>\n<strong>Beskrivelse:<\/strong><br \/>\nLatteskje eller juiceskje laget av m\u00f8rk brunt tre fra kokosn\u00f8ttpalme.<br \/>\n<strong>M\u00e5l:<\/strong><br \/>\n20 (L) cm<\/p>","protected":false},"excerpt":{"rendered":"<p>Kode: SAT018 Beskrivelse: Latteskje eller juiceskje laget av m\u00f8rk brunt tre fra kokosn\u00f8ttpalme. M\u00e5l: 20 (L) cm<\/p>\n","protected":false},"featured_media":1618,"template":"","meta":{"om_disable_all_campaigns":false,"_monsterinsights_skip_tracking":false,"_monsterinsights_sitenote_active":false,"_monsterinsights_sitenote_note":"","_monsterinsights_sitenote_category":0},"acf":[],"aioseo_notices":[],"_links":{"self":[{"href":"https:\/\/ecodeco-design.com\/no\/wp-json\/wp\/v2\/product\/1616"}],"collection":[{"href":"https:\/\/ecodeco-design.com\/no\/wp-json\/wp\/v2\/product"}],"about":[{"href":"https:\/\/ecodeco-design.com\/no\/wp-json\/wp\/v2\/types\/product"}],"wp:featuredmedia":[{"embeddable":true,"href":"https:\/\/ecodeco-design.com\/no\/wp-json\/wp\/v2\/media\/1618"}],"wp:attachment":[{"href":"https:\/\/ecodeco-design.com\/no\/wp-json\/wp\/v2\/media?parent=1616"}],"curies":[{"name":"wp","href":"https:\/\/api.w.org\/{rel}","templated":true}]}}