{"id":1613,"date":"2022-06-28T10:13:55","date_gmt":"2022-06-28T10:13:55","guid":{"rendered":"https:\/\/dev.ecodeco-design.com\/?post_type=product&#038;p=1613"},"modified":"2022-09-11T21:20:34","modified_gmt":"2022-09-11T21:20:34","slug":"latte-spoon","status":"publish","type":"product","link":"https:\/\/ecodeco-design.com\/no\/product\/latte-spoon\/","title":{"rendered":"Kokostre sennepsskje m\u00f8rk brun"},"content":{"rendered":"<p><strong>Kode: <\/strong>SAT020<br \/>\n<strong>Beskrivelse:<\/strong><br \/>\nSennepsskje laget av m\u00f8rk brunt tre fra kokosn\u00f8ttpalme.<br \/>\n<strong>M\u00e5l: <\/strong><br \/>\n11.5 (L) cm<\/p>","protected":false},"excerpt":{"rendered":"<p>Kode: SAT020 Beskrivelse: Sennepsskje laget av m\u00f8rk brunt tre fra kokosn\u00f8ttpalme. M\u00e5l: 11.5 (L) cm<\/p>\n","protected":false},"featured_media":1614,"template":"","meta":{"om_disable_all_campaigns":false,"_monsterinsights_skip_tracking":false,"_monsterinsights_sitenote_active":false,"_monsterinsights_sitenote_note":"","_monsterinsights_sitenote_category":0},"acf":[],"aioseo_notices":[],"_links":{"self":[{"href":"https:\/\/ecodeco-design.com\/no\/wp-json\/wp\/v2\/product\/1613"}],"collection":[{"href":"https:\/\/ecodeco-design.com\/no\/wp-json\/wp\/v2\/product"}],"about":[{"href":"https:\/\/ecodeco-design.com\/no\/wp-json\/wp\/v2\/types\/product"}],"wp:featuredmedia":[{"embeddable":true,"href":"https:\/\/ecodeco-design.com\/no\/wp-json\/wp\/v2\/media\/1614"}],"wp:attachment":[{"href":"https:\/\/ecodeco-design.com\/no\/wp-json\/wp\/v2\/media?parent=1613"}],"curies":[{"name":"wp","href":"https:\/\/api.w.org\/{rel}","templated":true}]}}