{"id":1611,"date":"2022-06-28T10:05:45","date_gmt":"2022-06-28T10:05:45","guid":{"rendered":"https:\/\/dev.ecodeco-design.com\/?post_type=product&#038;p=1611"},"modified":"2022-09-11T20:57:25","modified_gmt":"2022-09-11T20:57:25","slug":"chopstick-coconut-in-natural-colour","status":"publish","type":"product","link":"https:\/\/ecodeco-design.com\/no\/product\/chopstick-coconut-in-natural-colour\/","title":{"rendered":"Kokostre spisepinner og holder naturfarge"},"content":{"rendered":"<p><strong>Kode: <\/strong>SAT014<br \/>\n<strong>Besrivelse:<\/strong><br \/>\nSpisepinner og holder laget av naturfarget brunt tre fra kokosn\u00f8ttpalme. Pakke med fire sett med spisepinner og tilh\u00f8rende holdere.<br \/>\n<strong>M\u00e5l: <\/strong><br \/>\n24 (L) cm<\/p>","protected":false},"excerpt":{"rendered":"<p>Kode: SAT014 Besrivelse: Spisepinner og holder laget av naturfarget brunt tre fra kokosn\u00f8ttpalme. Pakke med fire sett med spisepinner og tilh\u00f8rende holdere. M\u00e5l: 24 (L) cm<\/p>\n","protected":false},"featured_media":1612,"template":"","meta":{"om_disable_all_campaigns":false,"_monsterinsights_skip_tracking":false,"_monsterinsights_sitenote_active":false,"_monsterinsights_sitenote_note":"","_monsterinsights_sitenote_category":0},"acf":[],"aioseo_notices":[],"_links":{"self":[{"href":"https:\/\/ecodeco-design.com\/no\/wp-json\/wp\/v2\/product\/1611"}],"collection":[{"href":"https:\/\/ecodeco-design.com\/no\/wp-json\/wp\/v2\/product"}],"about":[{"href":"https:\/\/ecodeco-design.com\/no\/wp-json\/wp\/v2\/types\/product"}],"wp:featuredmedia":[{"embeddable":true,"href":"https:\/\/ecodeco-design.com\/no\/wp-json\/wp\/v2\/media\/1612"}],"wp:attachment":[{"href":"https:\/\/ecodeco-design.com\/no\/wp-json\/wp\/v2\/media?parent=1611"}],"curies":[{"name":"wp","href":"https:\/\/api.w.org\/{rel}","templated":true}]}}