{"id":1609,"date":"2022-06-28T10:00:40","date_gmt":"2022-06-28T10:00:40","guid":{"rendered":"https:\/\/dev.ecodeco-design.com\/?post_type=product&#038;p=1609"},"modified":"2022-09-11T20:54:35","modified_gmt":"2022-09-11T20:54:35","slug":"chopstick-coconut-dark-brown","status":"publish","type":"product","link":"https:\/\/ecodeco-design.com\/no\/product\/chopstick-coconut-dark-brown\/","title":{"rendered":"Kokostre spisepinner og holder m\u00f8rk brun"},"content":{"rendered":"<p><strong>Kode: <\/strong>SAT017<br \/>\n<strong>Beskrivelse:<\/strong><br \/>\nSpisepinner og holder laget av m\u00f8rk brunt tre fra kokosn\u00f8ttpalme. Pakke med fire sett med spisepinner og tilh\u00f8rende holdere.<br \/>\n<strong>M\u00e5l: <\/strong><br \/>\n24 (L) cm<\/p>","protected":false},"excerpt":{"rendered":"<p>Kode: SAT017 Beskrivelse: Spisepinner og holder laget av m\u00f8rk brunt tre fra kokosn\u00f8ttpalme. Pakke med fire sett med spisepinner og tilh\u00f8rende holdere. M\u00e5l: 24 (L) cm<\/p>\n","protected":false},"featured_media":1610,"template":"","meta":{"om_disable_all_campaigns":false,"_monsterinsights_skip_tracking":false,"_monsterinsights_sitenote_active":false,"_monsterinsights_sitenote_note":"","_monsterinsights_sitenote_category":0},"acf":[],"aioseo_notices":[],"_links":{"self":[{"href":"https:\/\/ecodeco-design.com\/no\/wp-json\/wp\/v2\/product\/1609"}],"collection":[{"href":"https:\/\/ecodeco-design.com\/no\/wp-json\/wp\/v2\/product"}],"about":[{"href":"https:\/\/ecodeco-design.com\/no\/wp-json\/wp\/v2\/types\/product"}],"wp:featuredmedia":[{"embeddable":true,"href":"https:\/\/ecodeco-design.com\/no\/wp-json\/wp\/v2\/media\/1610"}],"wp:attachment":[{"href":"https:\/\/ecodeco-design.com\/no\/wp-json\/wp\/v2\/media?parent=1609"}],"curies":[{"name":"wp","href":"https:\/\/api.w.org\/{rel}","templated":true}]}}