{"id":1607,"date":"2022-06-27T13:51:17","date_gmt":"2022-06-27T13:51:17","guid":{"rendered":"https:\/\/dev.ecodeco-design.com\/?post_type=product&#038;p=1607"},"modified":"2025-02-28T13:21:20","modified_gmt":"2025-02-28T13:21:20","slug":"tray-cream-s-m-l","status":"publish","type":"product","link":"https:\/\/ecodeco-design.com\/no\/product\/tray-cream-s-m-l\/","title":{"rendered":"Marmor brett krem"},"content":{"rendered":"<p><strong>Kode: <\/strong>RNB014 ; RNB006 ; RNB021<br \/>\n<strong>Beskrivelse:<\/strong><br \/>\nElegante brett i kremfarget marmor i tre st\u00f8rrelser for alle typer bruk. Rektangul\u00e6re brett med rette kanter i marmor. F\u00e5s ogs\u00e5 i gr\u00e5 farge. Alle marmor produkter er unike i farge og m\u00f8nster. Benytt kun rengj\u00f8ringsmidler beregnet for marmor.<br \/>\n<strong>M\u00e5l: <\/strong><\/p>\n<li>RNB014 &#8211; Liten : 23 (L) x 10 (B) x 3 (H) cm\n<li>RNB006 &#8211; Medium : 30 (L) x 15 (B) x 3 (H) cm\n<li>RNB021 &#8211; Stor : 38 (L) x 18 (B) x 3 (H) cm<br \/>","protected":false},"excerpt":{"rendered":"<p>Kode: RNB014 ; RNB006 ; RNB021 Beskrivelse: Elegante brett i kremfarget marmor i tre st\u00f8rrelser for alle typer bruk. Rektangul\u00e6re brett med rette kanter i marmor. F\u00e5s ogs\u00e5 i gr\u00e5 farge. Alle marmor produkter er unike i farge og m\u00f8nster. Benytt kun rengj\u00f8ringsmidler beregnet for marmor. M\u00e5l: RNB014 &#8211; Liten : 23 (L) x 10 [&hellip;]<\/p>\n","protected":false},"featured_media":1855,"template":"","meta":{"om_disable_all_campaigns":false,"_monsterinsights_skip_tracking":false,"_monsterinsights_sitenote_active":false,"_monsterinsights_sitenote_note":"","_monsterinsights_sitenote_category":0},"acf":[],"aioseo_notices":[],"_links":{"self":[{"href":"https:\/\/ecodeco-design.com\/no\/wp-json\/wp\/v2\/product\/1607"}],"collection":[{"href":"https:\/\/ecodeco-design.com\/no\/wp-json\/wp\/v2\/product"}],"about":[{"href":"https:\/\/ecodeco-design.com\/no\/wp-json\/wp\/v2\/types\/product"}],"wp:featuredmedia":[{"embeddable":true,"href":"https:\/\/ecodeco-design.com\/no\/wp-json\/wp\/v2\/media\/1855"}],"wp:attachment":[{"href":"https:\/\/ecodeco-design.com\/no\/wp-json\/wp\/v2\/media?parent=1607"}],"curies":[{"name":"wp","href":"https:\/\/api.w.org\/{rel}","templated":true}]}}