{"id":1599,"date":"2022-06-26T13:07:40","date_gmt":"2022-06-26T13:07:40","guid":{"rendered":"https:\/\/dev.ecodeco-design.com\/?post_type=product&#038;p=1599"},"modified":"2022-08-01T12:42:05","modified_gmt":"2022-08-01T12:42:05","slug":"mini-organizer","status":"publish","type":"product","link":"https:\/\/ecodeco-design.com\/no\/product\/mini-organizer\/","title":{"rendered":"Pultordner mini"},"content":{"rendered":"<p><strong>Kode:<\/strong> LOM055<br \/>\n<strong>Beskrivelse:<\/strong><br \/>\nLombok kurv flettet for h\u00e5nd med ata str\u00e5 og rattan. Gr\u00e5 fargevask og ferniss f\u00e5r str\u00e5enes naturlige farge til \u00e5 skinne gjennom p\u00e5 en vakker m\u00e5te. Gir gjenstanden varig holdbarhet og et vakkert eksklusivt preg.<br \/>\n<strong>M\u00e5l: <\/strong><br \/>\n14 (L) x 10 (B) x 10 (H) cm<\/p>","protected":false},"excerpt":{"rendered":"<p>Kode: LOM055 Beskrivelse: Lombok kurv flettet for h\u00e5nd med ata str\u00e5 og rattan. Gr\u00e5 fargevask og ferniss f\u00e5r str\u00e5enes naturlige farge til \u00e5 skinne gjennom p\u00e5 en vakker m\u00e5te. Gir gjenstanden varig holdbarhet og et vakkert eksklusivt preg. M\u00e5l: 14 (L) x 10 (B) x 10 (H) cm<\/p>\n","protected":false},"featured_media":1742,"template":"","meta":{"om_disable_all_campaigns":false,"_monsterinsights_skip_tracking":false,"_monsterinsights_sitenote_active":false,"_monsterinsights_sitenote_note":"","_monsterinsights_sitenote_category":0},"acf":[],"aioseo_notices":[],"_links":{"self":[{"href":"https:\/\/ecodeco-design.com\/no\/wp-json\/wp\/v2\/product\/1599"}],"collection":[{"href":"https:\/\/ecodeco-design.com\/no\/wp-json\/wp\/v2\/product"}],"about":[{"href":"https:\/\/ecodeco-design.com\/no\/wp-json\/wp\/v2\/types\/product"}],"wp:featuredmedia":[{"embeddable":true,"href":"https:\/\/ecodeco-design.com\/no\/wp-json\/wp\/v2\/media\/1742"}],"wp:attachment":[{"href":"https:\/\/ecodeco-design.com\/no\/wp-json\/wp\/v2\/media?parent=1599"}],"curies":[{"name":"wp","href":"https:\/\/api.w.org\/{rel}","templated":true}]}}