{"id":1582,"date":"2022-06-23T09:32:51","date_gmt":"2022-06-23T09:32:51","guid":{"rendered":"https:\/\/dev.ecodeco-design.com\/?post_type=product&#038;p=1582"},"modified":"2025-02-24T16:03:41","modified_gmt":"2025-02-24T16:03:41","slug":"natural-cloth-hamper-with-lid-and-handles-l-m","status":"publish","type":"product","link":"https:\/\/ecodeco-design.com\/no\/product\/natural-cloth-hamper-with-lid-and-handles-l-m\/","title":{"rendered":"Kleskurv med innfelt h\u00e5ndtak"},"content":{"rendered":"<p><strong>Kode:<\/strong> LOM101 &#8211; LOM100<br \/>\n<strong>Beskrivelse:<\/strong><br \/>\nKleskurv med lokk og innfelt h\u00e5ndtak. Lombok kurv flettet for h\u00e5nd med ata str\u00e5 og rattan. Kurvarbeid i naturfarge. Ferniss gir gjenstanden varig holdbarhet og et vakkert eksklusivt preg.<br \/>\n<strong>Measurement:<\/strong><\/p>\n<li>LOM101 &#8211; Medium : 35 (dia) x 50 (H) cm<\/li>\n<li>LOM100 &#8211; Stor  : 40 (dia) x 58 (H) cm<\/li>\n<p><\/p>","protected":false},"excerpt":{"rendered":"<p>Kode: LOM101 &#8211; LOM100 Beskrivelse: Kleskurv med lokk og innfelt h\u00e5ndtak. Lombok kurv flettet for h\u00e5nd med ata str\u00e5 og rattan. Kurvarbeid i naturfarge. Ferniss gir gjenstanden varig holdbarhet og et vakkert eksklusivt preg. Measurement: LOM101 &#8211; Medium : 35 (dia) x 50 (H) cm LOM100 &#8211; Stor : 40 (dia) x 58 (H) cm<\/p>\n","protected":false},"featured_media":2221,"template":"","meta":{"om_disable_all_campaigns":false,"_monsterinsights_skip_tracking":false,"_monsterinsights_sitenote_active":false,"_monsterinsights_sitenote_note":"","_monsterinsights_sitenote_category":0},"acf":[],"aioseo_notices":[],"_links":{"self":[{"href":"https:\/\/ecodeco-design.com\/no\/wp-json\/wp\/v2\/product\/1582"}],"collection":[{"href":"https:\/\/ecodeco-design.com\/no\/wp-json\/wp\/v2\/product"}],"about":[{"href":"https:\/\/ecodeco-design.com\/no\/wp-json\/wp\/v2\/types\/product"}],"wp:featuredmedia":[{"embeddable":true,"href":"https:\/\/ecodeco-design.com\/no\/wp-json\/wp\/v2\/media\/2221"}],"wp:attachment":[{"href":"https:\/\/ecodeco-design.com\/no\/wp-json\/wp\/v2\/media?parent=1582"}],"curies":[{"name":"wp","href":"https:\/\/api.w.org\/{rel}","templated":true}]}}