{"id":1553,"date":"2022-05-12T13:14:47","date_gmt":"2022-05-12T13:14:47","guid":{"rendered":"https:\/\/dev.ecodeco-design.com\/?post_type=product&#038;p=1553"},"modified":"2022-07-30T12:28:02","modified_gmt":"2022-07-30T12:28:02","slug":"black-wash-napkin-holder","status":"publish","type":"product","link":"https:\/\/ecodeco-design.com\/no\/product\/black-wash-napkin-holder\/","title":{"rendered":"Serviettholder lunsj"},"content":{"rendered":"<p><strong>Kode:<\/strong> LOM094<br \/>\n<strong>Beskrivelse:<\/strong><br \/>\nLombok kurv flettet for h\u00e5nd med ata str\u00e5 og rattan. Flere lag med svart fargevask og ferniss f\u00e5r str\u00e5enes naturlige farge til \u00e5 skinne gjennom p\u00e5 en vakker m\u00e5te. Gir gjenstanden varig holdbarhet og et vakkert eksklusivt preg.<br \/>\n<strong>M\u00e5l:<\/strong><br \/>\n19 (L) x 19 (B) x 4 (H) cm<\/p>","protected":false},"excerpt":{"rendered":"<p>Kode: LOM094 Beskrivelse: Lombok kurv flettet for h\u00e5nd med ata str\u00e5 og rattan. Flere lag med svart fargevask og ferniss f\u00e5r str\u00e5enes naturlige farge til \u00e5 skinne gjennom p\u00e5 en vakker m\u00e5te. Gir gjenstanden varig holdbarhet og et vakkert eksklusivt preg. M\u00e5l: 19 (L) x 19 (B) x 4 (H) cm<\/p>\n","protected":false},"featured_media":1554,"template":"","meta":{"om_disable_all_campaigns":false,"_monsterinsights_skip_tracking":false,"_monsterinsights_sitenote_active":false,"_monsterinsights_sitenote_note":"","_monsterinsights_sitenote_category":0},"acf":[],"aioseo_notices":[],"_links":{"self":[{"href":"https:\/\/ecodeco-design.com\/no\/wp-json\/wp\/v2\/product\/1553"}],"collection":[{"href":"https:\/\/ecodeco-design.com\/no\/wp-json\/wp\/v2\/product"}],"about":[{"href":"https:\/\/ecodeco-design.com\/no\/wp-json\/wp\/v2\/types\/product"}],"wp:featuredmedia":[{"embeddable":true,"href":"https:\/\/ecodeco-design.com\/no\/wp-json\/wp\/v2\/media\/1554"}],"wp:attachment":[{"href":"https:\/\/ecodeco-design.com\/no\/wp-json\/wp\/v2\/media?parent=1553"}],"curies":[{"name":"wp","href":"https:\/\/api.w.org\/{rel}","templated":true}]}}