{"id":1393,"date":"2020-11-24T06:36:56","date_gmt":"2020-11-24T06:36:56","guid":{"rendered":"https:\/\/dev.ecodeco-design.com\/\/?post_type=product&#038;p=1393"},"modified":"2022-09-11T12:08:18","modified_gmt":"2022-09-11T12:08:18","slug":"bowls-with-ata-edge","status":"publish","type":"product","link":"https:\/\/ecodeco-design.com\/no\/product\/bowls-with-ata-edge\/","title":{"rendered":"Boller med ata str\u00e5kant"},"content":{"rendered":"<p><strong>Kode:<\/strong> ABI002<br \/>\n<strong>Beskrivelse:<\/strong><br \/>\n<span class=\"JLqJ4b ChMk0b\" data-language-for-alternatives=\"no\" data-language-to-translate-into=\"en\" data-phrase-index=\"0\" data-number-of-phrases=\"3\"><span class=\"Q4iAWc\">Lette treboller med m\u00f8rk brun farge.<\/span><\/span> Flettet<span class=\"JLqJ4b ChMk0b\" data-language-for-alternatives=\"no\" data-language-to-translate-into=\"en\" data-phrase-index=\"1\" data-number-of-phrases=\"3\"><span class=\"Q4iAWc\"> ata str\u00e5 kurvkant.<\/span><\/span> <span class=\"JLqJ4b ChMk0b\" data-language-for-alternatives=\"no\" data-language-to-translate-into=\"en\" data-phrase-index=\"2\" data-number-of-phrases=\"3\"><span class=\"Q4iAWc\">Sett med boller i 3 st\u00f8rrelser.<\/span><\/span><br \/>\n<strong>M\u00e5l: <\/strong><\/p>\n<ul>\n<li>Liten &#8211; 20 (dia) x 10 (H) cm<\/li>\n<li>Medium &#8211; 25 (dia) x 12 (H) cm<\/li>\n<li>Stor &#8211; 30 (dia) x 14 (H) cm<\/li>\n<\/ul>\n<p><\/p>","protected":false},"excerpt":{"rendered":"<p>Kode: ABI002 Beskrivelse: Lette treboller med m\u00f8rk brun farge. Flettet ata str\u00e5 kurvkant. Sett med boller i 3 st\u00f8rrelser. M\u00e5l: Liten &#8211; 20 (dia) x 10 (H) cm Medium &#8211; 25 (dia) x 12 (H) cm Stor &#8211; 30 (dia) x 14 (H) cm<\/p>\n","protected":false},"featured_media":1394,"template":"","meta":{"om_disable_all_campaigns":false,"_monsterinsights_skip_tracking":false,"_monsterinsights_sitenote_active":false,"_monsterinsights_sitenote_note":"","_monsterinsights_sitenote_category":0},"acf":[],"aioseo_notices":[],"_links":{"self":[{"href":"https:\/\/ecodeco-design.com\/no\/wp-json\/wp\/v2\/product\/1393"}],"collection":[{"href":"https:\/\/ecodeco-design.com\/no\/wp-json\/wp\/v2\/product"}],"about":[{"href":"https:\/\/ecodeco-design.com\/no\/wp-json\/wp\/v2\/types\/product"}],"wp:featuredmedia":[{"embeddable":true,"href":"https:\/\/ecodeco-design.com\/no\/wp-json\/wp\/v2\/media\/1394"}],"wp:attachment":[{"href":"https:\/\/ecodeco-design.com\/no\/wp-json\/wp\/v2\/media?parent=1393"}],"curies":[{"name":"wp","href":"https:\/\/api.w.org\/{rel}","templated":true}]}}