{"id":1368,"date":"2020-11-24T04:46:11","date_gmt":"2020-11-24T04:46:11","guid":{"rendered":"https:\/\/dev.ecodeco-design.com\/\/?post_type=product&#038;p=1368"},"modified":"2022-09-17T16:28:06","modified_gmt":"2022-09-17T16:28:06","slug":"ganesha-2","status":"publish","type":"product","link":"https:\/\/ecodeco-design.com\/no\/product\/ganesha-2\/","title":{"rendered":"Ganesha figurer"},"content":{"rendered":"<p><strong>Kode:<\/strong> GB112<br \/>\n<strong>Beskrivelse:<\/strong><br \/>\nFigur av hinduguden Ganesha. Rikt detaljert utf\u00f8rt. To st\u00f8rrelser. St\u00f8pt av bronse p\u00e5 tradisjonell m\u00e5te. Figuren er deretter s\u00f8lvbelagt.<br \/>\n<strong>M\u00e5l:<\/strong><\/p>\n<ul>\n<li>Liten &#8211; 9 (L) x 9 (B) x 15 (H) cm<\/li>\n<li>Medium &#8211; 14 (L) x 10 (B) x 24 (H) cm<\/li>\n<\/ul>\n<p><\/p>","protected":false},"excerpt":{"rendered":"<p>Kode: GB112 Beskrivelse: Figur av hinduguden Ganesha. Rikt detaljert utf\u00f8rt. To st\u00f8rrelser. St\u00f8pt av bronse p\u00e5 tradisjonell m\u00e5te. Figuren er deretter s\u00f8lvbelagt. M\u00e5l: Liten &#8211; 9 (L) x 9 (B) x 15 (H) cm Medium &#8211; 14 (L) x 10 (B) x 24 (H) cm<\/p>\n","protected":false},"featured_media":1369,"template":"","meta":{"om_disable_all_campaigns":false,"_monsterinsights_skip_tracking":false,"_monsterinsights_sitenote_active":false,"_monsterinsights_sitenote_note":"","_monsterinsights_sitenote_category":0},"acf":[],"aioseo_notices":[],"_links":{"self":[{"href":"https:\/\/ecodeco-design.com\/no\/wp-json\/wp\/v2\/product\/1368"}],"collection":[{"href":"https:\/\/ecodeco-design.com\/no\/wp-json\/wp\/v2\/product"}],"about":[{"href":"https:\/\/ecodeco-design.com\/no\/wp-json\/wp\/v2\/types\/product"}],"wp:featuredmedia":[{"embeddable":true,"href":"https:\/\/ecodeco-design.com\/no\/wp-json\/wp\/v2\/media\/1369"}],"wp:attachment":[{"href":"https:\/\/ecodeco-design.com\/no\/wp-json\/wp\/v2\/media?parent=1368"}],"curies":[{"name":"wp","href":"https:\/\/api.w.org\/{rel}","templated":true}]}}