{"id":1352,"date":"2020-11-24T04:02:23","date_gmt":"2020-11-24T04:02:23","guid":{"rendered":"https:\/\/dev.ecodeco-design.com\/\/?post_type=product&#038;p=1352"},"modified":"2022-09-17T16:12:46","modified_gmt":"2022-09-17T16:12:46","slug":"buddha-head","status":"publish","type":"product","link":"https:\/\/ecodeco-design.com\/no\/product\/buddha-head\/","title":{"rendered":"Buddha hoder"},"content":{"rendered":"<p><strong>Code: <\/strong>GB110<br \/>\n<strong>Description:<\/strong><br \/>\nBuddha hoder i Borobodur stil. Tre st\u00f8rrelser. St\u00f8pt av bronse p\u00e5 tradisjonell m\u00e5te. Buddha hodene er deretter s\u00f8lvbelagt.<br \/>\n<strong>M\u00e5l: <\/strong><\/p>\n<ul>\n<li>Liten &#8211; 6 (L) x 6 (B) x 9 (H) cm<\/li>\n<li>Medium &#8211; 8 (L) x 8 (B) x 12 (H) cm<\/li>\n<li>Stor &#8211; 15 (L) x 14 (B) x 20 (H) cm<\/li>\n<\/ul>\n<p><\/p>","protected":false},"excerpt":{"rendered":"<p>Code: GB110 Description: Buddha hoder i Borobodur stil. Tre st\u00f8rrelser. St\u00f8pt av bronse p\u00e5 tradisjonell m\u00e5te. Buddha hodene er deretter s\u00f8lvbelagt. M\u00e5l: Liten &#8211; 6 (L) x 6 (B) x 9 (H) cm Medium &#8211; 8 (L) x 8 (B) x 12 (H) cm Stor &#8211; 15 (L) x 14 (B) x 20 (H) cm<\/p>\n","protected":false},"featured_media":1353,"template":"","meta":{"om_disable_all_campaigns":false,"_monsterinsights_skip_tracking":false,"_monsterinsights_sitenote_active":false,"_monsterinsights_sitenote_note":"","_monsterinsights_sitenote_category":0},"acf":[],"aioseo_notices":[],"_links":{"self":[{"href":"https:\/\/ecodeco-design.com\/no\/wp-json\/wp\/v2\/product\/1352"}],"collection":[{"href":"https:\/\/ecodeco-design.com\/no\/wp-json\/wp\/v2\/product"}],"about":[{"href":"https:\/\/ecodeco-design.com\/no\/wp-json\/wp\/v2\/types\/product"}],"wp:featuredmedia":[{"embeddable":true,"href":"https:\/\/ecodeco-design.com\/no\/wp-json\/wp\/v2\/media\/1353"}],"wp:attachment":[{"href":"https:\/\/ecodeco-design.com\/no\/wp-json\/wp\/v2\/media?parent=1352"}],"curies":[{"name":"wp","href":"https:\/\/api.w.org\/{rel}","templated":true}]}}