{"id":1343,"date":"2020-11-24T03:51:22","date_gmt":"2020-11-24T03:51:22","guid":{"rendered":"https:\/\/dev.ecodeco-design.com\/\/?post_type=product&#038;p=1343"},"modified":"2022-09-17T15:34:54","modified_gmt":"2022-09-17T15:34:54","slug":"1343","status":"publish","type":"product","link":"https:\/\/ecodeco-design.com\/no\/product\/1343\/","title":{"rendered":"Buddha hoder antikk stil"},"content":{"rendered":"<p><strong>Kode:<\/strong> GB031<br \/>\n<strong>Beskrivelse:<\/strong><br \/>\nBuddha hoder i Borobodur stil. To st\u00f8rrelser. St\u00f8pt av bronse p\u00e5 tradisjonell m\u00e5te. Buddha hodene g\u00e5r s\u00e5 gjennom en prosess for \u00e5 patina i antikk stil.<br \/>\n<strong>M\u00e5l: <\/strong><\/p>\n<ul>\n<li>Medium &#8211; 6 (L) x 12 (H) cm<\/li>\n<li>Stor &#8211; 10 (L) x 16 (H) cm<\/li>\n<\/ul>\n<p><\/p>","protected":false},"excerpt":{"rendered":"<p>Kode: GB031 Beskrivelse: Buddha hoder i Borobodur stil. To st\u00f8rrelser. St\u00f8pt av bronse p\u00e5 tradisjonell m\u00e5te. Buddha hodene g\u00e5r s\u00e5 gjennom en prosess for \u00e5 patina i antikk stil. M\u00e5l: Medium &#8211; 6 (L) x 12 (H) cm Stor &#8211; 10 (L) x 16 (H) cm<\/p>\n","protected":false},"featured_media":1344,"template":"","meta":{"om_disable_all_campaigns":false,"_monsterinsights_skip_tracking":false,"_monsterinsights_sitenote_active":false,"_monsterinsights_sitenote_note":"","_monsterinsights_sitenote_category":0},"acf":[],"aioseo_notices":[],"_links":{"self":[{"href":"https:\/\/ecodeco-design.com\/no\/wp-json\/wp\/v2\/product\/1343"}],"collection":[{"href":"https:\/\/ecodeco-design.com\/no\/wp-json\/wp\/v2\/product"}],"about":[{"href":"https:\/\/ecodeco-design.com\/no\/wp-json\/wp\/v2\/types\/product"}],"wp:featuredmedia":[{"embeddable":true,"href":"https:\/\/ecodeco-design.com\/no\/wp-json\/wp\/v2\/media\/1344"}],"wp:attachment":[{"href":"https:\/\/ecodeco-design.com\/no\/wp-json\/wp\/v2\/media?parent=1343"}],"curies":[{"name":"wp","href":"https:\/\/api.w.org\/{rel}","templated":true}]}}