{"id":1337,"date":"2020-11-24T03:47:29","date_gmt":"2020-11-24T03:47:29","guid":{"rendered":"https:\/\/dev.ecodeco-design.com\/\/?post_type=product&#038;p=1337"},"modified":"2022-09-18T05:38:54","modified_gmt":"2022-09-18T05:38:54","slug":"prawn","status":"publish","type":"product","link":"https:\/\/ecodeco-design.com\/no\/product\/prawn\/","title":{"rendered":"Rekefigur"},"content":{"rendered":"<p><strong>Kode:<\/strong> GB212<br \/>\n<strong>Beskrivelse:<\/strong><br \/>\nReke eller scampi figur. Perfekt for landstedet ved sj\u00f8en eller til dekorasjon av sj\u00f8matbordet. St\u00f8pt av bronse p\u00e5 tradisjonell m\u00e5te. Figuren er deretter s\u00f8lvbelagt.<br \/>\n<strong>Measurement:<\/strong><\/p>","protected":false},"excerpt":{"rendered":"<p>Kode: GB212 Beskrivelse: Reke eller scampi figur. Perfekt for landstedet ved sj\u00f8en eller til dekorasjon av sj\u00f8matbordet. St\u00f8pt av bronse p\u00e5 tradisjonell m\u00e5te. Figuren er deretter s\u00f8lvbelagt. Measurement:<\/p>\n","protected":false},"featured_media":2034,"template":"","meta":{"om_disable_all_campaigns":false,"_monsterinsights_skip_tracking":false,"_monsterinsights_sitenote_active":false,"_monsterinsights_sitenote_note":"","_monsterinsights_sitenote_category":0},"acf":[],"aioseo_notices":[],"_links":{"self":[{"href":"https:\/\/ecodeco-design.com\/no\/wp-json\/wp\/v2\/product\/1337"}],"collection":[{"href":"https:\/\/ecodeco-design.com\/no\/wp-json\/wp\/v2\/product"}],"about":[{"href":"https:\/\/ecodeco-design.com\/no\/wp-json\/wp\/v2\/types\/product"}],"wp:featuredmedia":[{"embeddable":true,"href":"https:\/\/ecodeco-design.com\/no\/wp-json\/wp\/v2\/media\/2034"}],"wp:attachment":[{"href":"https:\/\/ecodeco-design.com\/no\/wp-json\/wp\/v2\/media?parent=1337"}],"curies":[{"name":"wp","href":"https:\/\/api.w.org\/{rel}","templated":true}]}}