{"id":1335,"date":"2020-11-24T03:46:15","date_gmt":"2020-11-24T03:46:15","guid":{"rendered":"https:\/\/dev.ecodeco-design.com\/\/?post_type=product&#038;p=1335"},"modified":"2022-09-18T10:43:04","modified_gmt":"2022-09-18T10:43:04","slug":"lobster","status":"publish","type":"product","link":"https:\/\/ecodeco-design.com\/no\/product\/lobster\/","title":{"rendered":"Hummerfigur medium"},"content":{"rendered":"<p><strong>Kode:<\/strong> GB210<br \/>\n<strong>Beskrivelse:<\/strong><br \/>\nMedium stor hummerfigur. Perfekt for landstedet ved sj\u00f8en eller til dekorasjon av sj\u00f8matbordet. St\u00f8pt av bronse p\u00e5 tradisjonell m\u00e5te. Figuren er deretter s\u00f8lvbelagt.<br \/>\n<strong>M\u00e5l:<\/strong><br \/>\n24 (L) x 10 (B) x 7 (H) cm<\/p>","protected":false},"excerpt":{"rendered":"<p>Kode: GB210 Beskrivelse: Medium stor hummerfigur. Perfekt for landstedet ved sj\u00f8en eller til dekorasjon av sj\u00f8matbordet. St\u00f8pt av bronse p\u00e5 tradisjonell m\u00e5te. Figuren er deretter s\u00f8lvbelagt. M\u00e5l: 24 (L) x 10 (B) x 7 (H) cm<\/p>\n","protected":false},"featured_media":1336,"template":"","meta":{"om_disable_all_campaigns":false,"_monsterinsights_skip_tracking":false,"_monsterinsights_sitenote_active":false,"_monsterinsights_sitenote_note":"","_monsterinsights_sitenote_category":0},"acf":[],"aioseo_notices":[],"_links":{"self":[{"href":"https:\/\/ecodeco-design.com\/no\/wp-json\/wp\/v2\/product\/1335"}],"collection":[{"href":"https:\/\/ecodeco-design.com\/no\/wp-json\/wp\/v2\/product"}],"about":[{"href":"https:\/\/ecodeco-design.com\/no\/wp-json\/wp\/v2\/types\/product"}],"wp:featuredmedia":[{"embeddable":true,"href":"https:\/\/ecodeco-design.com\/no\/wp-json\/wp\/v2\/media\/1336"}],"wp:attachment":[{"href":"https:\/\/ecodeco-design.com\/no\/wp-json\/wp\/v2\/media?parent=1335"}],"curies":[{"name":"wp","href":"https:\/\/api.w.org\/{rel}","templated":true}]}}