{"id":1333,"date":"2020-11-24T03:45:12","date_gmt":"2020-11-24T03:45:12","guid":{"rendered":"https:\/\/dev.ecodeco-design.com\/\/?post_type=product&#038;p=1333"},"modified":"2022-09-17T18:11:53","modified_gmt":"2022-09-17T18:11:53","slug":"giant-lobster","status":"publish","type":"product","link":"https:\/\/ecodeco-design.com\/no\/product\/giant-lobster\/","title":{"rendered":"Hummerfigur stor"},"content":{"rendered":"<p><strong>Kode:<\/strong> GB206<br \/>\n<strong>Beskrivelse:<\/strong><br \/>\nEkstra stor hummerfigur. Perfekt for landstedet ved sj\u00f8en eller til dekorasjon av sj\u00f8matbordet. St\u00f8pt av bronse p\u00e5 tradisjonell m\u00e5te. Figuren er deretter s\u00f8lvbelagt.<br \/>\n<strong>M\u00e5l:<\/strong><br \/>\n40 (L) x 24 (B) x 20 (H) cm<\/p>","protected":false},"excerpt":{"rendered":"<p>Kode: GB206 Beskrivelse: Ekstra stor hummerfigur. Perfekt for landstedet ved sj\u00f8en eller til dekorasjon av sj\u00f8matbordet. St\u00f8pt av bronse p\u00e5 tradisjonell m\u00e5te. Figuren er deretter s\u00f8lvbelagt. M\u00e5l: 40 (L) x 24 (B) x 20 (H) cm<\/p>\n","protected":false},"featured_media":1334,"template":"","meta":{"om_disable_all_campaigns":false,"_monsterinsights_skip_tracking":false,"_monsterinsights_sitenote_active":false,"_monsterinsights_sitenote_note":"","_monsterinsights_sitenote_category":0},"acf":[],"aioseo_notices":[],"_links":{"self":[{"href":"https:\/\/ecodeco-design.com\/no\/wp-json\/wp\/v2\/product\/1333"}],"collection":[{"href":"https:\/\/ecodeco-design.com\/no\/wp-json\/wp\/v2\/product"}],"about":[{"href":"https:\/\/ecodeco-design.com\/no\/wp-json\/wp\/v2\/types\/product"}],"wp:featuredmedia":[{"embeddable":true,"href":"https:\/\/ecodeco-design.com\/no\/wp-json\/wp\/v2\/media\/1334"}],"wp:attachment":[{"href":"https:\/\/ecodeco-design.com\/no\/wp-json\/wp\/v2\/media?parent=1333"}],"curies":[{"name":"wp","href":"https:\/\/api.w.org\/{rel}","templated":true}]}}