{"id":1331,"date":"2020-11-24T03:44:11","date_gmt":"2020-11-24T03:44:11","guid":{"rendered":"https:\/\/dev.ecodeco-design.com\/\/?post_type=product&#038;p=1331"},"modified":"2022-09-17T18:47:26","modified_gmt":"2022-09-17T18:47:26","slug":"fish-with-standing-tale","status":"publish","type":"product","link":"https:\/\/ecodeco-design.com\/no\/product\/fish-with-standing-tale\/","title":{"rendered":"Fiskefigur"},"content":{"rendered":"<p><strong>Kode: <\/strong>GB208<br \/>\n<strong>Beskrivelse:<\/strong><br \/>\nFigur av fisk med en st\u00e5ende halefinne. Perfekt for landstedet ved sj\u00f8en eller til dekorasjon av sj\u00f8matbordet. St\u00f8pt av bronse p\u00e5 tradisjonell m\u00e5te. Figuren er deretter s\u00f8lvbelagt.<br \/>\n<strong>M\u00e5l: <\/strong><br \/>\n13 (L) x 6 B) x 11 (H) cm<\/p>","protected":false},"excerpt":{"rendered":"<p>Kode: GB208 Beskrivelse: Figur av fisk med en st\u00e5ende halefinne. Perfekt for landstedet ved sj\u00f8en eller til dekorasjon av sj\u00f8matbordet. St\u00f8pt av bronse p\u00e5 tradisjonell m\u00e5te. Figuren er deretter s\u00f8lvbelagt. M\u00e5l: 13 (L) x 6 B) x 11 (H) cm<\/p>\n","protected":false},"featured_media":1332,"template":"","meta":{"om_disable_all_campaigns":false,"_monsterinsights_skip_tracking":false,"_monsterinsights_sitenote_active":false,"_monsterinsights_sitenote_note":"","_monsterinsights_sitenote_category":0},"acf":[],"aioseo_notices":[],"_links":{"self":[{"href":"https:\/\/ecodeco-design.com\/no\/wp-json\/wp\/v2\/product\/1331"}],"collection":[{"href":"https:\/\/ecodeco-design.com\/no\/wp-json\/wp\/v2\/product"}],"about":[{"href":"https:\/\/ecodeco-design.com\/no\/wp-json\/wp\/v2\/types\/product"}],"wp:featuredmedia":[{"embeddable":true,"href":"https:\/\/ecodeco-design.com\/no\/wp-json\/wp\/v2\/media\/1332"}],"wp:attachment":[{"href":"https:\/\/ecodeco-design.com\/no\/wp-json\/wp\/v2\/media?parent=1331"}],"curies":[{"name":"wp","href":"https:\/\/api.w.org\/{rel}","templated":true}]}}