{"id":1323,"date":"2020-11-24T03:39:30","date_gmt":"2020-11-24T03:39:30","guid":{"rendered":"https:\/\/dev.ecodeco-design.com\/\/?post_type=product&#038;p=1323"},"modified":"2022-09-30T02:38:41","modified_gmt":"2022-09-30T02:38:41","slug":"crawfish","status":"publish","type":"product","link":"https:\/\/ecodeco-design.com\/no\/product\/crawfish\/","title":{"rendered":"Krepsefigur"},"content":{"rendered":"<p><strong>Kode: <\/strong>GB211<br \/>\n<strong>Beskrivelse:<\/strong><br \/>\nPerfekt for landstedet ved sj\u00f8en eller til dekorasjon av sj\u00f8matbordet. St\u00f8pt av bronse p\u00e5 tradisjonell m\u00e5te. Figuren er deretter s\u00f8lvbelagt.<br \/>\n<strong>M\u00e5l:<\/strong><br \/>\n19 (L) x 14 (B) x 9 (H) cm<\/p>","protected":false},"excerpt":{"rendered":"<p>Kode: GB211 Beskrivelse: Perfekt for landstedet ved sj\u00f8en eller til dekorasjon av sj\u00f8matbordet. St\u00f8pt av bronse p\u00e5 tradisjonell m\u00e5te. Figuren er deretter s\u00f8lvbelagt. M\u00e5l: 19 (L) x 14 (B) x 9 (H) cm<\/p>\n","protected":false},"featured_media":2073,"template":"","meta":{"om_disable_all_campaigns":false,"_monsterinsights_skip_tracking":false,"_monsterinsights_sitenote_active":false,"_monsterinsights_sitenote_note":"","_monsterinsights_sitenote_category":0},"acf":[],"aioseo_notices":[],"_links":{"self":[{"href":"https:\/\/ecodeco-design.com\/no\/wp-json\/wp\/v2\/product\/1323"}],"collection":[{"href":"https:\/\/ecodeco-design.com\/no\/wp-json\/wp\/v2\/product"}],"about":[{"href":"https:\/\/ecodeco-design.com\/no\/wp-json\/wp\/v2\/types\/product"}],"wp:featuredmedia":[{"embeddable":true,"href":"https:\/\/ecodeco-design.com\/no\/wp-json\/wp\/v2\/media\/2073"}],"wp:attachment":[{"href":"https:\/\/ecodeco-design.com\/no\/wp-json\/wp\/v2\/media?parent=1323"}],"curies":[{"name":"wp","href":"https:\/\/api.w.org\/{rel}","templated":true}]}}