{"id":1320,"date":"2020-11-24T03:36:48","date_gmt":"2020-11-24T03:36:48","guid":{"rendered":"https:\/\/dev.ecodeco-design.com\/\/?post_type=product&#038;p=1320"},"modified":"2022-09-17T17:31:46","modified_gmt":"2022-09-17T17:31:46","slug":"crab-2","status":"publish","type":"product","link":"https:\/\/ecodeco-design.com\/no\/product\/crab-2\/","title":{"rendered":"Krabbefigurer"},"content":{"rendered":"<p><strong>Kode:<\/strong> GB205<br \/>\n<strong>Beskrivelse:<\/strong><br \/>\nKrabbefigurer i tre st\u00f8rrelser. Perfekt for landstedet ved sj\u00f8en eller til dekorasjon av sj\u00f8matbordet. St\u00f8pt av bronse p\u00e5 tradisjonell m\u00e5te. Figurene er deretter s\u00f8lvbelagt.<br \/>\n<strong>M\u00e5l:<\/strong><\/p>\n<ul>\n<li>Liten &#8211; 10 (L) x 7 (B) x 6 (H) cm<\/li>\n<li>Medium &#8211; 14 (L) x 12 (B) x 10 (H) cm<\/li>\n<li>Stor &#8211; 21 (L) x 17 (B) x 11 (H) cm<\/li>\n<\/ul>\n<p><\/p>","protected":false},"excerpt":{"rendered":"<p>Kode: GB205 Beskrivelse: Krabbefigurer i tre st\u00f8rrelser. Perfekt for landstedet ved sj\u00f8en eller til dekorasjon av sj\u00f8matbordet. St\u00f8pt av bronse p\u00e5 tradisjonell m\u00e5te. Figurene er deretter s\u00f8lvbelagt. M\u00e5l: Liten &#8211; 10 (L) x 7 (B) x 6 (H) cm Medium &#8211; 14 (L) x 12 (B) x 10 (H) cm Stor &#8211; 21 (L) x [&hellip;]<\/p>\n","protected":false},"featured_media":1246,"template":"","meta":{"om_disable_all_campaigns":false,"_monsterinsights_skip_tracking":false,"_monsterinsights_sitenote_active":false,"_monsterinsights_sitenote_note":"","_monsterinsights_sitenote_category":0},"acf":[],"aioseo_notices":[],"_links":{"self":[{"href":"https:\/\/ecodeco-design.com\/no\/wp-json\/wp\/v2\/product\/1320"}],"collection":[{"href":"https:\/\/ecodeco-design.com\/no\/wp-json\/wp\/v2\/product"}],"about":[{"href":"https:\/\/ecodeco-design.com\/no\/wp-json\/wp\/v2\/types\/product"}],"wp:featuredmedia":[{"embeddable":true,"href":"https:\/\/ecodeco-design.com\/no\/wp-json\/wp\/v2\/media\/1246"}],"wp:attachment":[{"href":"https:\/\/ecodeco-design.com\/no\/wp-json\/wp\/v2\/media?parent=1320"}],"curies":[{"name":"wp","href":"https:\/\/api.w.org\/{rel}","templated":true}]}}