{"id":1316,"date":"2020-11-24T03:33:00","date_gmt":"2020-11-24T03:33:00","guid":{"rendered":"https:\/\/dev.ecodeco-design.com\/\/?post_type=product&#038;p=1316"},"modified":"2022-09-16T12:31:21","modified_gmt":"2022-09-16T12:31:21","slug":"turtle-candle-holder","status":"publish","type":"product","link":"https:\/\/ecodeco-design.com\/no\/product\/turtle-candle-holder\/","title":{"rendered":"Skilpaddefigur med lysestake"},"content":{"rendered":"<p><strong>Kode:<\/strong> GB009<br \/>\n<strong>Beskrivelse:<\/strong><br \/>\nFroskefigur som lysestake. St\u00f8pt av bronse p\u00e5 tradisjonell m\u00e5te. Lysestaken er deretter s\u00f8lvbelagt.<br \/>\n<strong>M\u00e5l: <\/strong><br \/>\n10 (L) x 7 (B) x 7 (H) cm<\/p>","protected":false},"excerpt":{"rendered":"<p>Kode: GB009 Beskrivelse: Froskefigur som lysestake. St\u00f8pt av bronse p\u00e5 tradisjonell m\u00e5te. Lysestaken er deretter s\u00f8lvbelagt. M\u00e5l: 10 (L) x 7 (B) x 7 (H) cm<\/p>\n","protected":false},"featured_media":1317,"template":"","meta":{"om_disable_all_campaigns":false,"_monsterinsights_skip_tracking":false,"_monsterinsights_sitenote_active":false,"_monsterinsights_sitenote_note":"","_monsterinsights_sitenote_category":0},"acf":[],"aioseo_notices":[],"_links":{"self":[{"href":"https:\/\/ecodeco-design.com\/no\/wp-json\/wp\/v2\/product\/1316"}],"collection":[{"href":"https:\/\/ecodeco-design.com\/no\/wp-json\/wp\/v2\/product"}],"about":[{"href":"https:\/\/ecodeco-design.com\/no\/wp-json\/wp\/v2\/types\/product"}],"wp:featuredmedia":[{"embeddable":true,"href":"https:\/\/ecodeco-design.com\/no\/wp-json\/wp\/v2\/media\/1317"}],"wp:attachment":[{"href":"https:\/\/ecodeco-design.com\/no\/wp-json\/wp\/v2\/media?parent=1316"}],"curies":[{"name":"wp","href":"https:\/\/api.w.org\/{rel}","templated":true}]}}