{"id":1312,"date":"2020-11-24T03:30:13","date_gmt":"2020-11-24T03:30:13","guid":{"rendered":"https:\/\/dev.ecodeco-design.com\/\/?post_type=product&#038;p=1312"},"modified":"2022-09-16T12:05:46","modified_gmt":"2022-09-16T12:05:46","slug":"pig","status":"publish","type":"product","link":"https:\/\/ecodeco-design.com\/no\/product\/pig\/","title":{"rendered":"Julegrisfigur"},"content":{"rendered":"<p><strong>Kode: <\/strong>GB008<br \/>\n<strong>Beskrivelse:<\/strong><br \/>\nFigur av gris. Fin juledekorasjon. St\u00f8pt av bronse p\u00e5 tradisjonell m\u00e5te. Figuren er deretter s\u00f8lvbelagt.<br \/>\n<strong>M\u00e5l:<\/strong><br \/>\n13 (L) x 6 (W) x 8 (H) cm<\/p>","protected":false},"excerpt":{"rendered":"<p>Kode: GB008 Beskrivelse: Figur av gris. Fin juledekorasjon. St\u00f8pt av bronse p\u00e5 tradisjonell m\u00e5te. Figuren er deretter s\u00f8lvbelagt. M\u00e5l: 13 (L) x 6 (W) x 8 (H) cm<\/p>\n","protected":false},"featured_media":1313,"template":"","meta":{"om_disable_all_campaigns":false,"_monsterinsights_skip_tracking":false,"_monsterinsights_sitenote_active":false,"_monsterinsights_sitenote_note":"","_monsterinsights_sitenote_category":0},"acf":[],"aioseo_notices":[],"_links":{"self":[{"href":"https:\/\/ecodeco-design.com\/no\/wp-json\/wp\/v2\/product\/1312"}],"collection":[{"href":"https:\/\/ecodeco-design.com\/no\/wp-json\/wp\/v2\/product"}],"about":[{"href":"https:\/\/ecodeco-design.com\/no\/wp-json\/wp\/v2\/types\/product"}],"wp:featuredmedia":[{"embeddable":true,"href":"https:\/\/ecodeco-design.com\/no\/wp-json\/wp\/v2\/media\/1313"}],"wp:attachment":[{"href":"https:\/\/ecodeco-design.com\/no\/wp-json\/wp\/v2\/media?parent=1312"}],"curies":[{"name":"wp","href":"https:\/\/api.w.org\/{rel}","templated":true}]}}