{"id":1310,"date":"2020-11-24T03:29:00","date_gmt":"2020-11-24T03:29:00","guid":{"rendered":"https:\/\/dev.ecodeco-design.com\/\/?post_type=product&#038;p=1310"},"modified":"2022-09-16T11:57:12","modified_gmt":"2022-09-16T11:57:12","slug":"owl","status":"publish","type":"product","link":"https:\/\/ecodeco-design.com\/no\/product\/owl\/","title":{"rendered":"Uglefigur"},"content":{"rendered":"<p><strong>Kode:<\/strong> GB034<br \/>\n<strong>Beskrivelse:<\/strong><br \/>\nFigur av frosk. St\u00f8pt av bronse p\u00e5 tradisjonell m\u00e5te. Figuren er deretter s\u00f8lvbelagt.<br \/>\n<strong>M\u00e5l: <\/strong><br \/>\n10 (L) x 8 (B) x 22 (H) cm<\/p>","protected":false},"excerpt":{"rendered":"<p>Kode: GB034 Beskrivelse: Figur av frosk. St\u00f8pt av bronse p\u00e5 tradisjonell m\u00e5te. Figuren er deretter s\u00f8lvbelagt. M\u00e5l: 10 (L) x 8 (B) x 22 (H) cm<\/p>\n","protected":false},"featured_media":1311,"template":"","meta":{"om_disable_all_campaigns":false,"_monsterinsights_skip_tracking":false,"_monsterinsights_sitenote_active":false,"_monsterinsights_sitenote_note":"","_monsterinsights_sitenote_category":0},"acf":[],"aioseo_notices":[],"_links":{"self":[{"href":"https:\/\/ecodeco-design.com\/no\/wp-json\/wp\/v2\/product\/1310"}],"collection":[{"href":"https:\/\/ecodeco-design.com\/no\/wp-json\/wp\/v2\/product"}],"about":[{"href":"https:\/\/ecodeco-design.com\/no\/wp-json\/wp\/v2\/types\/product"}],"wp:featuredmedia":[{"embeddable":true,"href":"https:\/\/ecodeco-design.com\/no\/wp-json\/wp\/v2\/media\/1311"}],"wp:attachment":[{"href":"https:\/\/ecodeco-design.com\/no\/wp-json\/wp\/v2\/media?parent=1310"}],"curies":[{"name":"wp","href":"https:\/\/api.w.org\/{rel}","templated":true}]}}