{"id":1308,"date":"2020-11-24T03:27:50","date_gmt":"2020-11-24T03:27:50","guid":{"rendered":"https:\/\/dev.ecodeco-design.com\/\/?post_type=product&#038;p=1308"},"modified":"2022-09-16T12:07:49","modified_gmt":"2022-09-16T12:07:49","slug":"mouse-reading-a-book","status":"publish","type":"product","link":"https:\/\/ecodeco-design.com\/no\/product\/mouse-reading-a-book\/","title":{"rendered":"Mus lysholder"},"content":{"rendered":"<p><strong>Kode: <\/strong>GB013<br \/>\n<strong>Beskrivelse:<\/strong><br \/>\nFigur av mus som leser en bok &#8211; og med en lysholder. Fin juledekorasjon. St\u00f8pt av bronse p\u00e5 tradisjonell m\u00e5te. Figuren er deretter s\u00f8lvbelagt.<br \/>\n<strong>M\u00e5l:  <\/strong><br \/>\n7 (L) x 8 (B) x 15 (H) cm<\/p>","protected":false},"excerpt":{"rendered":"<p>Kode: GB013 Beskrivelse: Figur av mus som leser en bok &#8211; og med en lysholder. Fin juledekorasjon. St\u00f8pt av bronse p\u00e5 tradisjonell m\u00e5te. Figuren er deretter s\u00f8lvbelagt. M\u00e5l: 7 (L) x 8 (B) x 15 (H) cm<\/p>\n","protected":false},"featured_media":1309,"template":"","meta":{"om_disable_all_campaigns":false,"_monsterinsights_skip_tracking":false,"_monsterinsights_sitenote_active":false,"_monsterinsights_sitenote_note":"","_monsterinsights_sitenote_category":0},"acf":[],"aioseo_notices":[],"_links":{"self":[{"href":"https:\/\/ecodeco-design.com\/no\/wp-json\/wp\/v2\/product\/1308"}],"collection":[{"href":"https:\/\/ecodeco-design.com\/no\/wp-json\/wp\/v2\/product"}],"about":[{"href":"https:\/\/ecodeco-design.com\/no\/wp-json\/wp\/v2\/types\/product"}],"wp:featuredmedia":[{"embeddable":true,"href":"https:\/\/ecodeco-design.com\/no\/wp-json\/wp\/v2\/media\/1309"}],"wp:attachment":[{"href":"https:\/\/ecodeco-design.com\/no\/wp-json\/wp\/v2\/media?parent=1308"}],"curies":[{"name":"wp","href":"https:\/\/api.w.org\/{rel}","templated":true}]}}