{"id":1306,"date":"2020-11-24T03:26:14","date_gmt":"2020-11-24T03:26:14","guid":{"rendered":"https:\/\/dev.ecodeco-design.com\/\/?post_type=product&#038;p=1306"},"modified":"2022-09-16T11:40:19","modified_gmt":"2022-09-16T11:40:19","slug":"king-frog","status":"publish","type":"product","link":"https:\/\/ecodeco-design.com\/no\/product\/king-frog\/","title":{"rendered":"Froskefigur med krone"},"content":{"rendered":"<p><strong>Code: <\/strong>GB022<br \/>\n<strong>Description:<\/strong><br \/>\nFigur av frosk med krone (&laquo;King frog&raquo;). St\u00f8pt av bronse p\u00e5 tradisjonell m\u00e5te. Figuren er deretter s\u00f8lvbelagt.<br \/>\n<strong>Measurement: <\/strong><\/p>\n<ul>\n<li>Liten &#8211; 6 (L) x 6 (B) x 10 (H) cm<\/li>\n<li>Medium &#8211; 8 (L) x 9 (B) x 15 (H) cm<\/li>\n<li>Stor &#8211; 11 (L) x 10 (B) x 17 (H) cm<\/li>\n<\/ul>\n<p><\/p>","protected":false},"excerpt":{"rendered":"<p>Code: GB022 Description: Figur av frosk med krone (&laquo;King frog&raquo;). St\u00f8pt av bronse p\u00e5 tradisjonell m\u00e5te. Figuren er deretter s\u00f8lvbelagt. Measurement: Liten &#8211; 6 (L) x 6 (B) x 10 (H) cm Medium &#8211; 8 (L) x 9 (B) x 15 (H) cm Stor &#8211; 11 (L) x 10 (B) x 17 (H) cm<\/p>\n","protected":false},"featured_media":1307,"template":"","meta":{"om_disable_all_campaigns":false,"_monsterinsights_skip_tracking":false,"_monsterinsights_sitenote_active":false,"_monsterinsights_sitenote_note":"","_monsterinsights_sitenote_category":0},"acf":[],"aioseo_notices":[],"_links":{"self":[{"href":"https:\/\/ecodeco-design.com\/no\/wp-json\/wp\/v2\/product\/1306"}],"collection":[{"href":"https:\/\/ecodeco-design.com\/no\/wp-json\/wp\/v2\/product"}],"about":[{"href":"https:\/\/ecodeco-design.com\/no\/wp-json\/wp\/v2\/types\/product"}],"wp:featuredmedia":[{"embeddable":true,"href":"https:\/\/ecodeco-design.com\/no\/wp-json\/wp\/v2\/media\/1307"}],"wp:attachment":[{"href":"https:\/\/ecodeco-design.com\/no\/wp-json\/wp\/v2\/media?parent=1306"}],"curies":[{"name":"wp","href":"https:\/\/api.w.org\/{rel}","templated":true}]}}