{"id":1304,"date":"2020-11-24T03:24:40","date_gmt":"2020-11-24T03:24:40","guid":{"rendered":"https:\/\/dev.ecodeco-design.com\/\/?post_type=product&#038;p=1304"},"modified":"2022-09-17T15:06:53","modified_gmt":"2022-09-17T15:06:53","slug":"horse-with-three-candle-holders","status":"publish","type":"product","link":"https:\/\/ecodeco-design.com\/no\/product\/horse-with-three-candle-holders\/","title":{"rendered":"Hestefigur kandelaber"},"content":{"rendered":"<p><strong>Kode:<\/strong> GB028<br \/>\n<strong>Beskrivelse:<\/strong><br \/>\nKandelaber med tre lysholdere. St\u00f8pt av bronse p\u00e5 tradisjonell m\u00e5te. Kandelaberet er deretter s\u00f8lvbelagt.<br \/>\n<strong>M\u00e5l: <\/strong><br \/>\n31 (L) x 4,5 (B) x 29 (H) cm<\/p>","protected":false},"excerpt":{"rendered":"<p>Kode: GB028 Beskrivelse: Kandelaber med tre lysholdere. St\u00f8pt av bronse p\u00e5 tradisjonell m\u00e5te. Kandelaberet er deretter s\u00f8lvbelagt. M\u00e5l: 31 (L) x 4,5 (B) x 29 (H) cm<\/p>\n","protected":false},"featured_media":1305,"template":"","meta":{"om_disable_all_campaigns":false,"_monsterinsights_skip_tracking":false,"_monsterinsights_sitenote_active":false,"_monsterinsights_sitenote_note":"","_monsterinsights_sitenote_category":0},"acf":[],"aioseo_notices":[],"_links":{"self":[{"href":"https:\/\/ecodeco-design.com\/no\/wp-json\/wp\/v2\/product\/1304"}],"collection":[{"href":"https:\/\/ecodeco-design.com\/no\/wp-json\/wp\/v2\/product"}],"about":[{"href":"https:\/\/ecodeco-design.com\/no\/wp-json\/wp\/v2\/types\/product"}],"wp:featuredmedia":[{"embeddable":true,"href":"https:\/\/ecodeco-design.com\/no\/wp-json\/wp\/v2\/media\/1305"}],"wp:attachment":[{"href":"https:\/\/ecodeco-design.com\/no\/wp-json\/wp\/v2\/media?parent=1304"}],"curies":[{"name":"wp","href":"https:\/\/api.w.org\/{rel}","templated":true}]}}