{"id":1296,"date":"2020-11-24T03:19:54","date_gmt":"2020-11-24T03:19:54","guid":{"rendered":"https:\/\/dev.ecodeco-design.com\/\/?post_type=product&#038;p=1296"},"modified":"2022-09-17T15:05:23","modified_gmt":"2022-09-17T15:05:23","slug":"goat-with-three-candle-holders","status":"publish","type":"product","link":"https:\/\/ecodeco-design.com\/no\/product\/goat-with-three-candle-holders\/","title":{"rendered":"Geitefigur kandelaber"},"content":{"rendered":"<p><strong>Kode:<\/strong> GB007<br \/>\n<strong>Beskrivelse:<\/strong><br \/>\nKandelaber med tre lysholdere. St\u00f8pt av bronse p\u00e5 tradisjonell m\u00e5te. Kandelaberet er deretter s\u00f8lvbelagt.<br \/>\n<strong>M\u00e5l:<\/strong><br \/>\n30 (L) x 5 (B) x 28 (H) cm<\/p>","protected":false},"excerpt":{"rendered":"<p>Kode: GB007 Beskrivelse: Kandelaber med tre lysholdere. St\u00f8pt av bronse p\u00e5 tradisjonell m\u00e5te. Kandelaberet er deretter s\u00f8lvbelagt. M\u00e5l: 30 (L) x 5 (B) x 28 (H) cm<\/p>\n","protected":false},"featured_media":1297,"template":"","meta":{"om_disable_all_campaigns":false,"_monsterinsights_skip_tracking":false,"_monsterinsights_sitenote_active":false,"_monsterinsights_sitenote_note":"","_monsterinsights_sitenote_category":0},"acf":[],"aioseo_notices":[],"_links":{"self":[{"href":"https:\/\/ecodeco-design.com\/no\/wp-json\/wp\/v2\/product\/1296"}],"collection":[{"href":"https:\/\/ecodeco-design.com\/no\/wp-json\/wp\/v2\/product"}],"about":[{"href":"https:\/\/ecodeco-design.com\/no\/wp-json\/wp\/v2\/types\/product"}],"wp:featuredmedia":[{"embeddable":true,"href":"https:\/\/ecodeco-design.com\/no\/wp-json\/wp\/v2\/media\/1297"}],"wp:attachment":[{"href":"https:\/\/ecodeco-design.com\/no\/wp-json\/wp\/v2\/media?parent=1296"}],"curies":[{"name":"wp","href":"https:\/\/api.w.org\/{rel}","templated":true}]}}