{"id":1290,"date":"2020-11-24T03:16:00","date_gmt":"2020-11-24T03:16:00","guid":{"rendered":"https:\/\/dev.ecodeco-design.com\/\/?post_type=product&#038;p=1290"},"modified":"2022-09-16T11:18:19","modified_gmt":"2022-09-16T11:18:19","slug":"frog-swimming","status":"publish","type":"product","link":"https:\/\/ecodeco-design.com\/no\/product\/frog-swimming\/","title":{"rendered":"Froskefigur &laquo;sv\u00f8mmende&raquo;"},"content":{"rendered":"<p><strong>Kode:<\/strong> GB011-12<br \/>\n<strong>Beskrivelse:<\/strong><br \/>\nFigur av sv\u00f8mmende frosk i to st\u00f8rrelser. St\u00f8pt av bronse p\u00e5 tradisjonell m\u00e5te. Figuren er deretter s\u00f8lvbelagt.<br \/>\n<strong>M\u00e5l:<\/strong><\/p>\n<ul>\n<li>Liten &#8211; 8 (L) x 12 (B) x 4 (H) cm<\/li>\n<li>Medium &#8211; 10 (L) x 15 (B) x 5 (H) cm<\/li>\n<\/ul>\n<p><\/p>","protected":false},"excerpt":{"rendered":"<p>Kode: GB011-12 Beskrivelse: Figur av sv\u00f8mmende frosk i to st\u00f8rrelser. St\u00f8pt av bronse p\u00e5 tradisjonell m\u00e5te. Figuren er deretter s\u00f8lvbelagt. M\u00e5l: Liten &#8211; 8 (L) x 12 (B) x 4 (H) cm Medium &#8211; 10 (L) x 15 (B) x 5 (H) cm<\/p>\n","protected":false},"featured_media":1291,"template":"","meta":{"om_disable_all_campaigns":false,"_monsterinsights_skip_tracking":false,"_monsterinsights_sitenote_active":false,"_monsterinsights_sitenote_note":"","_monsterinsights_sitenote_category":0},"acf":[],"aioseo_notices":[],"_links":{"self":[{"href":"https:\/\/ecodeco-design.com\/no\/wp-json\/wp\/v2\/product\/1290"}],"collection":[{"href":"https:\/\/ecodeco-design.com\/no\/wp-json\/wp\/v2\/product"}],"about":[{"href":"https:\/\/ecodeco-design.com\/no\/wp-json\/wp\/v2\/types\/product"}],"wp:featuredmedia":[{"embeddable":true,"href":"https:\/\/ecodeco-design.com\/no\/wp-json\/wp\/v2\/media\/1291"}],"wp:attachment":[{"href":"https:\/\/ecodeco-design.com\/no\/wp-json\/wp\/v2\/media?parent=1290"}],"curies":[{"name":"wp","href":"https:\/\/api.w.org\/{rel}","templated":true}]}}