{"id":1288,"date":"2020-11-24T03:14:09","date_gmt":"2020-11-24T03:14:09","guid":{"rendered":"https:\/\/dev.ecodeco-design.com\/\/?post_type=product&#038;p=1288"},"modified":"2022-09-16T11:19:55","modified_gmt":"2022-09-16T11:19:55","slug":"frog-mini","status":"publish","type":"product","link":"https:\/\/ecodeco-design.com\/no\/product\/frog-mini\/","title":{"rendered":"Froskefigur liten"},"content":{"rendered":"<p><strong>Kode: <\/strong>GB021<br \/>\n<strong>Beskrivelse:<\/strong><br \/>\nLiten froskefigur. St\u00f8pt av bronse p\u00e5 tradisjonell m\u00e5te. Figuren er deretter s\u00f8lvbelagt.<br \/>\n<strong>M\u00e5l:<\/strong><br \/>\n5 (L) x 5 (B) x 2 (H) cm<\/p>","protected":false},"excerpt":{"rendered":"<p>Kode: GB021 Beskrivelse: Liten froskefigur. St\u00f8pt av bronse p\u00e5 tradisjonell m\u00e5te. Figuren er deretter s\u00f8lvbelagt. M\u00e5l: 5 (L) x 5 (B) x 2 (H) cm<\/p>\n","protected":false},"featured_media":1289,"template":"","meta":{"om_disable_all_campaigns":false,"_monsterinsights_skip_tracking":false,"_monsterinsights_sitenote_active":false,"_monsterinsights_sitenote_note":"","_monsterinsights_sitenote_category":0},"acf":[],"aioseo_notices":[],"_links":{"self":[{"href":"https:\/\/ecodeco-design.com\/no\/wp-json\/wp\/v2\/product\/1288"}],"collection":[{"href":"https:\/\/ecodeco-design.com\/no\/wp-json\/wp\/v2\/product"}],"about":[{"href":"https:\/\/ecodeco-design.com\/no\/wp-json\/wp\/v2\/types\/product"}],"wp:featuredmedia":[{"embeddable":true,"href":"https:\/\/ecodeco-design.com\/no\/wp-json\/wp\/v2\/media\/1289"}],"wp:attachment":[{"href":"https:\/\/ecodeco-design.com\/no\/wp-json\/wp\/v2\/media?parent=1288"}],"curies":[{"name":"wp","href":"https:\/\/api.w.org\/{rel}","templated":true}]}}