{"id":1284,"date":"2020-11-24T03:11:54","date_gmt":"2020-11-24T03:11:54","guid":{"rendered":"https:\/\/dev.ecodeco-design.com\/\/?post_type=product&#038;p=1284"},"modified":"2022-09-16T12:33:51","modified_gmt":"2022-09-16T12:33:51","slug":"frog-fat-with-candle-holder","status":"publish","type":"product","link":"https:\/\/ecodeco-design.com\/no\/product\/frog-fat-with-candle-holder\/","title":{"rendered":"Froskefigur lysestake"},"content":{"rendered":"<p><strong>Kode:<\/strong> GB018<br \/>\n<strong>Beskrivelse:<\/strong><br \/>\nFroskefigur som lysestake. St\u00f8pt av bronse p\u00e5 tradisjonell m\u00e5te. Lysestaken er deretter s\u00f8lvbelagt.<br \/>\n<strong>M\u00e5l:<\/strong><br \/>\n9 (L) x 8 (B) x 7 (H) cm<\/p>","protected":false},"excerpt":{"rendered":"<p>Kode: GB018 Beskrivelse: Froskefigur som lysestake. St\u00f8pt av bronse p\u00e5 tradisjonell m\u00e5te. Lysestaken er deretter s\u00f8lvbelagt. M\u00e5l: 9 (L) x 8 (B) x 7 (H) cm<\/p>\n","protected":false},"featured_media":1285,"template":"","meta":{"om_disable_all_campaigns":false,"_monsterinsights_skip_tracking":false,"_monsterinsights_sitenote_active":false,"_monsterinsights_sitenote_note":"","_monsterinsights_sitenote_category":0},"acf":[],"aioseo_notices":[],"_links":{"self":[{"href":"https:\/\/ecodeco-design.com\/no\/wp-json\/wp\/v2\/product\/1284"}],"collection":[{"href":"https:\/\/ecodeco-design.com\/no\/wp-json\/wp\/v2\/product"}],"about":[{"href":"https:\/\/ecodeco-design.com\/no\/wp-json\/wp\/v2\/types\/product"}],"wp:featuredmedia":[{"embeddable":true,"href":"https:\/\/ecodeco-design.com\/no\/wp-json\/wp\/v2\/media\/1285"}],"wp:attachment":[{"href":"https:\/\/ecodeco-design.com\/no\/wp-json\/wp\/v2\/media?parent=1284"}],"curies":[{"name":"wp","href":"https:\/\/api.w.org\/{rel}","templated":true}]}}