{"id":1270,"date":"2020-11-24T03:02:14","date_gmt":"2020-11-24T03:02:14","guid":{"rendered":"https:\/\/dev.ecodeco-design.com\/\/?post_type=product&#038;p=1270"},"modified":"2022-09-16T10:00:49","modified_gmt":"2022-09-16T10:00:49","slug":"chicken-s-m-l","status":"publish","type":"product","link":"https:\/\/ecodeco-design.com\/no\/product\/chicken-s-m-l\/","title":{"rendered":"Hanefigurer"},"content":{"rendered":"<p><strong>Kode: <\/strong>GB026<br \/>\n<strong>Beskrivelse:<\/strong><br \/>\nFigurer av hane. St\u00f8pt av bronse p\u00e5 tradisjonell m\u00e5te. Figurene er deretter s\u00f8lvbelagt.<br \/>\n<strong>M\u00e5l:<\/strong><\/p>\n<ul>\n<li>Liten &#8211; 5 (L) x 13 (B) x 15 (H) cm<\/li>\n<li>Medium &#8211; 7 (L) x 15 (B) x 22 (H) cm<\/li>\n<li>Stor &#8211; 9 (L) x 25 (B) x 27 (H) cm<\/li>\n<\/ul>\n<p><\/p>","protected":false},"excerpt":{"rendered":"<p>Kode: GB026 Beskrivelse: Figurer av hane. St\u00f8pt av bronse p\u00e5 tradisjonell m\u00e5te. Figurene er deretter s\u00f8lvbelagt. M\u00e5l: Liten &#8211; 5 (L) x 13 (B) x 15 (H) cm Medium &#8211; 7 (L) x 15 (B) x 22 (H) cm Stor &#8211; 9 (L) x 25 (B) x 27 (H) cm<\/p>\n","protected":false},"featured_media":1271,"template":"","meta":{"om_disable_all_campaigns":false,"_monsterinsights_skip_tracking":false,"_monsterinsights_sitenote_active":false,"_monsterinsights_sitenote_note":"","_monsterinsights_sitenote_category":0},"acf":[],"aioseo_notices":[],"_links":{"self":[{"href":"https:\/\/ecodeco-design.com\/no\/wp-json\/wp\/v2\/product\/1270"}],"collection":[{"href":"https:\/\/ecodeco-design.com\/no\/wp-json\/wp\/v2\/product"}],"about":[{"href":"https:\/\/ecodeco-design.com\/no\/wp-json\/wp\/v2\/types\/product"}],"wp:featuredmedia":[{"embeddable":true,"href":"https:\/\/ecodeco-design.com\/no\/wp-json\/wp\/v2\/media\/1271"}],"wp:attachment":[{"href":"https:\/\/ecodeco-design.com\/no\/wp-json\/wp\/v2\/media?parent=1270"}],"curies":[{"name":"wp","href":"https:\/\/api.w.org\/{rel}","templated":true}]}}