{"id":1266,"date":"2020-11-24T02:59:29","date_gmt":"2020-11-24T02:59:29","guid":{"rendered":"https:\/\/dev.ecodeco-design.com\/\/?post_type=product&#038;p=1266"},"modified":"2022-09-17T14:48:40","modified_gmt":"2022-09-17T14:48:40","slug":"buffalo-with-three-candle-holders","status":"publish","type":"product","link":"https:\/\/ecodeco-design.com\/no\/product\/buffalo-with-three-candle-holders\/","title":{"rendered":"Oksefigur kandelaber"},"content":{"rendered":"<p><strong>Kode: <\/strong>GB003<br \/>\n<strong>Beskrivelse:<\/strong><br \/>\nKandelaber med tre lysholdere. St\u00f8pt av bronse p\u00e5 tradisjonell m\u00e5te. Kandelaberet er deretter s\u00f8lvbelagt.<br \/>\n<strong>M\u00e5l:<\/strong><br \/>\n50 (L) x 9 (B) x 30 (H) cm<\/p>","protected":false},"excerpt":{"rendered":"<p>Kode: GB003 Beskrivelse: Kandelaber med tre lysholdere. St\u00f8pt av bronse p\u00e5 tradisjonell m\u00e5te. Kandelaberet er deretter s\u00f8lvbelagt. M\u00e5l: 50 (L) x 9 (B) x 30 (H) cm<\/p>\n","protected":false},"featured_media":1267,"template":"","meta":{"om_disable_all_campaigns":false,"_monsterinsights_skip_tracking":false,"_monsterinsights_sitenote_active":false,"_monsterinsights_sitenote_note":"","_monsterinsights_sitenote_category":0},"acf":[],"aioseo_notices":[],"_links":{"self":[{"href":"https:\/\/ecodeco-design.com\/no\/wp-json\/wp\/v2\/product\/1266"}],"collection":[{"href":"https:\/\/ecodeco-design.com\/no\/wp-json\/wp\/v2\/product"}],"about":[{"href":"https:\/\/ecodeco-design.com\/no\/wp-json\/wp\/v2\/types\/product"}],"wp:featuredmedia":[{"embeddable":true,"href":"https:\/\/ecodeco-design.com\/no\/wp-json\/wp\/v2\/media\/1267"}],"wp:attachment":[{"href":"https:\/\/ecodeco-design.com\/no\/wp-json\/wp\/v2\/media?parent=1266"}],"curies":[{"name":"wp","href":"https:\/\/api.w.org\/{rel}","templated":true}]}}