{"id":1257,"date":"2020-11-24T02:34:47","date_gmt":"2020-11-24T02:34:47","guid":{"rendered":"https:\/\/dev.ecodeco-design.com\/\/?post_type=product&#038;p=1257"},"modified":"2022-09-17T18:51:01","modified_gmt":"2022-09-17T18:51:01","slug":"dragon-candelabra","status":"publish","type":"product","link":"https:\/\/ecodeco-design.com\/no\/product\/dragon-candelabra\/","title":{"rendered":"Dragekandelaber h\u00f8y"},"content":{"rendered":"<p><strong>Kode:<\/strong> GB301<br \/>\n<strong>Beskrivelse:<\/strong><br \/>\nDragekandelaber med tre lysholdere. St\u00f8pt av bronse p\u00e5 tradisjonell m\u00e5te. Figuren er deretter s\u00f8lvbelagt.<br \/>\n<strong>M\u00e5l:<\/strong><br \/>\n14 (L) x 40 (B) x 63 (H) cm<\/p>","protected":false},"excerpt":{"rendered":"<p>Kode: GB301 Beskrivelse: Dragekandelaber med tre lysholdere. St\u00f8pt av bronse p\u00e5 tradisjonell m\u00e5te. Figuren er deretter s\u00f8lvbelagt. M\u00e5l: 14 (L) x 40 (B) x 63 (H) cm<\/p>\n","protected":false},"featured_media":1258,"template":"","meta":{"om_disable_all_campaigns":false,"_monsterinsights_skip_tracking":false,"_monsterinsights_sitenote_active":false,"_monsterinsights_sitenote_note":"","_monsterinsights_sitenote_category":0},"acf":[],"aioseo_notices":[],"_links":{"self":[{"href":"https:\/\/ecodeco-design.com\/no\/wp-json\/wp\/v2\/product\/1257"}],"collection":[{"href":"https:\/\/ecodeco-design.com\/no\/wp-json\/wp\/v2\/product"}],"about":[{"href":"https:\/\/ecodeco-design.com\/no\/wp-json\/wp\/v2\/types\/product"}],"wp:featuredmedia":[{"embeddable":true,"href":"https:\/\/ecodeco-design.com\/no\/wp-json\/wp\/v2\/media\/1258"}],"wp:attachment":[{"href":"https:\/\/ecodeco-design.com\/no\/wp-json\/wp\/v2\/media?parent=1257"}],"curies":[{"name":"wp","href":"https:\/\/api.w.org\/{rel}","templated":true}]}}