{"id":1238,"date":"2020-11-24T02:14:07","date_gmt":"2020-11-24T02:14:07","guid":{"rendered":"https:\/\/dev.ecodeco-design.com\/\/?post_type=product&#038;p=1238"},"modified":"2022-09-06T03:10:10","modified_gmt":"2022-09-06T03:10:10","slug":"turtle","status":"publish","type":"product","link":"https:\/\/ecodeco-design.com\/no\/product\/turtle\/","title":{"rendered":"Skilpadde skulptur"},"content":{"rendered":"<p><strong>Kode:<\/strong> ROT005<br \/>\n<strong>Beskrivelse:<\/strong><br \/>\nUnik skulptur av skilpadde hugget ut av sandstein. <span data-language-for-alternatives=\"no\" data-language-to-translate-into=\"en\" data-phrase-index=\"1\" data-number-of-phrases=\"5\">Andre dyreskulpturer tilgjengelig p\u00e5 foresp\u00f8rsel.<\/span> <span data-language-for-alternatives=\"no\" data-language-to-translate-into=\"en\" data-phrase-index=\"2\" data-number-of-phrases=\"5\">Fin patina<\/span>.<br \/>\n<strong>M\u00e5l:<\/strong><br \/>\n26 (L) x 11 (H) cm<\/p>","protected":false},"excerpt":{"rendered":"<p>Kode: ROT005 Beskrivelse: Unik skulptur av skilpadde hugget ut av sandstein. Andre dyreskulpturer tilgjengelig p\u00e5 foresp\u00f8rsel. Fin patina. M\u00e5l: 26 (L) x 11 (H) cm<\/p>\n","protected":false},"featured_media":1239,"template":"","meta":{"om_disable_all_campaigns":false,"_monsterinsights_skip_tracking":false,"_monsterinsights_sitenote_active":false,"_monsterinsights_sitenote_note":"","_monsterinsights_sitenote_category":0},"acf":[],"aioseo_notices":[],"_links":{"self":[{"href":"https:\/\/ecodeco-design.com\/no\/wp-json\/wp\/v2\/product\/1238"}],"collection":[{"href":"https:\/\/ecodeco-design.com\/no\/wp-json\/wp\/v2\/product"}],"about":[{"href":"https:\/\/ecodeco-design.com\/no\/wp-json\/wp\/v2\/types\/product"}],"wp:featuredmedia":[{"embeddable":true,"href":"https:\/\/ecodeco-design.com\/no\/wp-json\/wp\/v2\/media\/1239"}],"wp:attachment":[{"href":"https:\/\/ecodeco-design.com\/no\/wp-json\/wp\/v2\/media?parent=1238"}],"curies":[{"name":"wp","href":"https:\/\/api.w.org\/{rel}","templated":true}]}}