{"id":1236,"date":"2020-11-24T02:13:12","date_gmt":"2020-11-24T02:13:12","guid":{"rendered":"https:\/\/dev.ecodeco-design.com\/\/?post_type=product&#038;p=1236"},"modified":"2022-09-06T03:08:55","modified_gmt":"2022-09-06T03:08:55","slug":"owl-moulded","status":"publish","type":"product","link":"https:\/\/ecodeco-design.com\/no\/product\/owl-moulded\/","title":{"rendered":"Ugle skulptur"},"content":{"rendered":"<p><strong>Kode:<\/strong> PRM011<br \/>\n<strong>Beskrivelse:<\/strong><br \/>\n<span class=\"JLqJ4b ChMk0b\" data-language-for-alternatives=\"no\" data-language-to-translate-into=\"en\" data-phrase-index=\"0\" data-number-of-phrases=\"4\"><span class=\"Q4iAWc\">Skulptur av ugle laget av lavastein.<\/span><\/span> <span class=\"JLqJ4b ChMk0b\" data-language-for-alternatives=\"no\" data-language-to-translate-into=\"en\" data-phrase-index=\"1\" data-number-of-phrases=\"4\"><span class=\"Q4iAWc\">Andre st\u00f8pte eller uthuggede dyreskulpturer tilgjengelig p\u00e5 foresp\u00f8rsel.<\/span><\/span><br \/>\n<strong>M\u00e5l:<\/strong><br \/>\n18 (L) x 14 (B) x 30 (H)<\/p>","protected":false},"excerpt":{"rendered":"<p>Kode: PRM011 Beskrivelse: Skulptur av ugle laget av lavastein. Andre st\u00f8pte eller uthuggede dyreskulpturer tilgjengelig p\u00e5 foresp\u00f8rsel. M\u00e5l: 18 (L) x 14 (B) x 30 (H)<\/p>\n","protected":false},"featured_media":1916,"template":"","meta":{"om_disable_all_campaigns":false,"_monsterinsights_skip_tracking":false,"_monsterinsights_sitenote_active":false,"_monsterinsights_sitenote_note":"","_monsterinsights_sitenote_category":0},"acf":[],"aioseo_notices":[],"_links":{"self":[{"href":"https:\/\/ecodeco-design.com\/no\/wp-json\/wp\/v2\/product\/1236"}],"collection":[{"href":"https:\/\/ecodeco-design.com\/no\/wp-json\/wp\/v2\/product"}],"about":[{"href":"https:\/\/ecodeco-design.com\/no\/wp-json\/wp\/v2\/types\/product"}],"wp:featuredmedia":[{"embeddable":true,"href":"https:\/\/ecodeco-design.com\/no\/wp-json\/wp\/v2\/media\/1916"}],"wp:attachment":[{"href":"https:\/\/ecodeco-design.com\/no\/wp-json\/wp\/v2\/media?parent=1236"}],"curies":[{"name":"wp","href":"https:\/\/api.w.org\/{rel}","templated":true}]}}