{"id":1222,"date":"2020-11-23T08:03:15","date_gmt":"2020-11-23T08:03:15","guid":{"rendered":"https:\/\/dev.ecodeco-design.com\/\/?post_type=product&#038;p=1222"},"modified":"2022-08-28T13:12:20","modified_gmt":"2022-08-28T13:12:20","slug":"sink-titikan","status":"publish","type":"product","link":"https:\/\/ecodeco-design.com\/no\/product\/sink-titikan\/","title":{"rendered":"Marmor vask &laquo;Titikan&raquo;. Gr\u00e5 eller krem farge."},"content":{"rendered":"<p><strong>Kode:<\/strong> MRB006C \/ MRB006G<br \/>\n<strong>Beskrivelse:<\/strong><br \/>\nBolleformet marmor vask med glatt, polert overflate innvendig og fint hamret overflate utvendig. \u00abTitikan\u00bb vask leveres i gr\u00e5 eller krem farge. Alle marmor produkter er unike i farge og m\u00f8nster. Benytt kun rengj\u00f8ringsmidler beregnet for marmor.<br \/>\n<strong>M\u00e5l:<\/strong><br \/>\n40 (dia) x 15 (H) cm<\/p>","protected":false},"excerpt":{"rendered":"<p>Kode: MRB006C \/ MRB006G Beskrivelse: Bolleformet marmor vask med glatt, polert overflate innvendig og fint hamret overflate utvendig. \u00abTitikan\u00bb vask leveres i gr\u00e5 eller krem farge. Alle marmor produkter er unike i farge og m\u00f8nster. Benytt kun rengj\u00f8ringsmidler beregnet for marmor. M\u00e5l: 40 (dia) x 15 (H) cm<\/p>\n","protected":false},"featured_media":1903,"template":"","meta":{"om_disable_all_campaigns":false,"_monsterinsights_skip_tracking":false,"_monsterinsights_sitenote_active":false,"_monsterinsights_sitenote_note":"","_monsterinsights_sitenote_category":0},"acf":[],"aioseo_notices":[],"_links":{"self":[{"href":"https:\/\/ecodeco-design.com\/no\/wp-json\/wp\/v2\/product\/1222"}],"collection":[{"href":"https:\/\/ecodeco-design.com\/no\/wp-json\/wp\/v2\/product"}],"about":[{"href":"https:\/\/ecodeco-design.com\/no\/wp-json\/wp\/v2\/types\/product"}],"wp:featuredmedia":[{"embeddable":true,"href":"https:\/\/ecodeco-design.com\/no\/wp-json\/wp\/v2\/media\/1903"}],"wp:attachment":[{"href":"https:\/\/ecodeco-design.com\/no\/wp-json\/wp\/v2\/media?parent=1222"}],"curies":[{"name":"wp","href":"https:\/\/api.w.org\/{rel}","templated":true}]}}